{"id":9921,"date":"2024-01-08T00:58:05","date_gmt":"2024-01-08T03:58:05","guid":{"rendered":"https:\/\/www.grupocaht.com\/?page_id=9921"},"modified":"2024-04-09T00:18:32","modified_gmt":"2024-04-09T03:18:32","slug":"red-de-consultas","status":"publish","type":"page","link":"https:\/\/www.grupocaht.com\/en\/red-de-consultas\/","title":{"rendered":"Red de Consultas"},"content":{"rendered":"<p><a href=\"https:\/\/www.grupocaht.com\/en\/2024\/01\/08\/nueva-herramienta-para-socios-lanzamiento-de-red-de-consultas\/red-de-consultas-2\/\" rel=\"attachment wp-att-9928\"><img loading=\"lazy\" decoding=\"async\" class=\"alignnone size-full wp-image-9928\" src=\"https:\/\/www.grupocaht.com\/wp-content\/uploads\/2024\/01\/RED-DE-CONSULTAS.png\" alt=\"\" width=\"1080\" height=\"1080\" srcset=\"https:\/\/www.grupocaht.com\/wp-content\/uploads\/2024\/01\/RED-DE-CONSULTAS.png 1080w, https:\/\/www.grupocaht.com\/wp-content\/uploads\/2024\/01\/RED-DE-CONSULTAS-300x300.png 300w, https:\/\/www.grupocaht.com\/wp-content\/uploads\/2024\/01\/RED-DE-CONSULTAS-1024x1024.png 1024w, https:\/\/www.grupocaht.com\/wp-content\/uploads\/2024\/01\/RED-DE-CONSULTAS-150x150.png 150w, https:\/\/www.grupocaht.com\/wp-content\/uploads\/2024\/01\/RED-DE-CONSULTAS-768x768.png 768w, https:\/\/www.grupocaht.com\/wp-content\/uploads\/2024\/01\/RED-DE-CONSULTAS-12x12.png 12w, https:\/\/www.grupocaht.com\/wp-content\/uploads\/2024\/01\/RED-DE-CONSULTAS-400x400.png 400w, https:\/\/www.grupocaht.com\/wp-content\/uploads\/2024\/01\/RED-DE-CONSULTAS-100x100.png 100w\" sizes=\"auto, (max-width: 1080px) 100vw, 1080px\" \/><\/a><\/p>\n<p>Estimados socios:<\/p>\n<p>Los invitamos a participar de este programa que tiene como objetivo <strong>promover el acceso a consultas m\u00e9dicas o bioqu\u00edmicas de segunda opini\u00f3n en hemostasia y trombosis con expertos de distintas \u00e1reas<\/strong>.<\/p>\n<p>El programa est\u00e1 <strong>coordinado por Grupo de Promoci\u00f3n del Acceso a los recursos<\/strong> y est\u00e1 <strong>destinado exclusivamente a los socios del CAHT<\/strong>.<\/p>\n<p>Se podr\u00e1n realizar consultas de segunda opini\u00f3n sobre casos espec\u00edficos (aspectos cl\u00ednicos o bioqu\u00edmicos).<\/p>\n<p>Las consultas ser\u00e1n resueltas por los expertos de los distintos grupos de trabajo del CAHT.<\/p>\n<p>Las consultas <strong>no tienen costo<\/strong>.<\/p>\n<p>Para solicitar una consulta haga <a href=\"https:\/\/forms.gle\/DaNEiQXeqVXMGFhd8\" target=\"_blank\" rel=\"noopener\"><span style=\"color: #ff0000;\"><strong>click aqu\u00ed<\/strong><\/span><\/a><\/p>","protected":false},"excerpt":{"rendered":"<p>Estimados socios: Los invitamos a participar de este programa que tiene como objetivo promover el acceso a consultas m\u00e9dicas o bioqu\u00edmicas de segunda opini\u00f3n en hemostasia y trombosis con expertos de distintas \u00e1reas. El programa est\u00e1 coordinado por Grupo de Promoci\u00f3n del Acceso a los recursos y est\u00e1 destinado exclusivamente a los socios del CAHT. [&hellip;]<\/p>\n","protected":false},"author":6,"featured_media":0,"parent":0,"menu_order":0,"comment_status":"closed","ping_status":"closed","template":"","meta":{"footnotes":""},"class_list":["post-9921","page","type-page","status-publish","hentry"],"_links":{"self":[{"href":"https:\/\/www.grupocaht.com\/en\/wp-json\/wp\/v2\/pages\/9921","targetHints":{"allow":["GET"]}}],"collection":[{"href":"https:\/\/www.grupocaht.com\/en\/wp-json\/wp\/v2\/pages"}],"about":[{"href":"https:\/\/www.grupocaht.com\/en\/wp-json\/wp\/v2\/types\/page"}],"author":[{"embeddable":true,"href":"https:\/\/www.grupocaht.com\/en\/wp-json\/wp\/v2\/users\/6"}],"replies":[{"embeddable":true,"href":"https:\/\/www.grupocaht.com\/en\/wp-json\/wp\/v2\/comments?post=9921"}],"version-history":[{"count":4,"href":"https:\/\/www.grupocaht.com\/en\/wp-json\/wp\/v2\/pages\/9921\/revisions"}],"predecessor-version":[{"id":10099,"href":"https:\/\/www.grupocaht.com\/en\/wp-json\/wp\/v2\/pages\/9921\/revisions\/10099"}],"wp:attachment":[{"href":"https:\/\/www.grupocaht.com\/en\/wp-json\/wp\/v2\/media?parent=9921"}],"curies":[{"name":"wp","href":"https:\/\/api.w.org\/{rel}","templated":true}]}}