{"id":9286,"date":"2023-04-21T00:18:11","date_gmt":"2023-04-21T03:18:11","guid":{"rendered":"https:\/\/www.grupocaht.com\/?page_id=9286"},"modified":"2023-04-21T00:18:22","modified_gmt":"2023-04-21T03:18:22","slug":"guia-de-diagnostico-y-tratamiento-de-trombosis-venosa-en-pediatria-edicion-2023","status":"publish","type":"page","link":"https:\/\/www.grupocaht.com\/en\/guia-de-diagnostico-y-tratamiento-de-trombosis-venosa-en-pediatria-edicion-2023\/","title":{"rendered":"Gu\u00eda de diagn\u00f3stico y tratamiento de Trombosis Venosa en Pediatr\u00eda. Edici\u00f3n 2023."},"content":{"rendered":"<div class=\"_df_book df-container df-loading\" id=\"df_9284\"  wpoptions=\"true\" ><\/div><script data-cfasync=\"false\">var option_df_9284 = {\"outline\":[],\"forceFit\":\"true\",\"autoEnableOutline\":\"false\",\"autoEnableThumbnail\":\"false\",\"overwritePDFOutline\":\"false\",\"direction\":\"1\",\"pageMode\":\"0\",\"source\":\"https:\\\/\\\/www.grupocaht.com\\\/wp-content\\\/uploads\\\/2023\\\/04\\\/Guia-Pediatria-2023-Web.pdf\",\"wpOptions\":\"true\"}; if(window.DFLIP && DFLIP.parseBooks){DFLIP.parseBooks();}<\/script>","protected":false},"excerpt":{"rendered":"","protected":false},"author":6,"featured_media":0,"parent":0,"menu_order":0,"comment_status":"closed","ping_status":"closed","template":"","meta":{"footnotes":""},"class_list":["post-9286","page","type-page","status-publish","hentry"],"_links":{"self":[{"href":"https:\/\/www.grupocaht.com\/en\/wp-json\/wp\/v2\/pages\/9286","targetHints":{"allow":["GET"]}}],"collection":[{"href":"https:\/\/www.grupocaht.com\/en\/wp-json\/wp\/v2\/pages"}],"about":[{"href":"https:\/\/www.grupocaht.com\/en\/wp-json\/wp\/v2\/types\/page"}],"author":[{"embeddable":true,"href":"https:\/\/www.grupocaht.com\/en\/wp-json\/wp\/v2\/users\/6"}],"replies":[{"embeddable":true,"href":"https:\/\/www.grupocaht.com\/en\/wp-json\/wp\/v2\/comments?post=9286"}],"version-history":[{"count":2,"href":"https:\/\/www.grupocaht.com\/en\/wp-json\/wp\/v2\/pages\/9286\/revisions"}],"predecessor-version":[{"id":9288,"href":"https:\/\/www.grupocaht.com\/en\/wp-json\/wp\/v2\/pages\/9286\/revisions\/9288"}],"wp:attachment":[{"href":"https:\/\/www.grupocaht.com\/en\/wp-json\/wp\/v2\/media?parent=9286"}],"curies":[{"name":"wp","href":"https:\/\/api.w.org\/{rel}","templated":true}]}}