{"id":5946,"date":"2021-08-31T17:44:14","date_gmt":"2021-08-31T20:44:14","guid":{"rendered":"https:\/\/www.grupocaht.com\/?page_id=5946"},"modified":"2023-03-28T18:33:35","modified_gmt":"2023-03-28T21:33:35","slug":"premios-y-distinciones","status":"publish","type":"page","link":"https:\/\/www.grupocaht.com\/en\/premios-y-distinciones\/","title":{"rendered":"Premios y distinciones"},"content":{"rendered":"<div\n\t\t\t\n\t\t\tclass=\"so-widget-sow-accordion so-widget-sow-accordion-default-138a8d1d0c39\"\n\t\t\t\n\t\t><div>\n\t<div class=\"sow-accordion\">\n\t\t\t<div class=\"sow-accordion-panel\"\n\t\t\t\tdata-anchor-id=\"distinciones-a-la-trayectoria\">\n\t\t\t\t\t<div class=\"sow-accordion-panel-header-container\" role=\"heading\" aria-level=\"2\">\n\t\t\t\t\t<div class=\"sow-accordion-panel-header\" tabindex=\"0\" role=\"button\" id=\"accordion-label-distinciones-a-la-trayectoria\" aria-controls=\"accordion-content-distinciones-a-la-trayectoria\" aria-expanded=\"false\">\n\t\t\t\t\t\t<div class=\"sow-accordion-title sow-accordion-title-icon-left\">\n\t\t\t\t\t\t\t\t\t\t\t\t\t\tDISTINCIONES A LA TRAYECTORIA\t\t\t\t\t\t\t\t\t\t\t\t\t<\/div>\n\t\t\t\t\t\t<div class=\"sow-accordion-open-close-button\">\n\t\t\t\t\t\t\t<div class=\"sow-accordion-open-button\">\n\t\t\t\t\t\t\t\t<span class=\"sow-icon-ionicons\" data-sow-icon=\"&#xf218;\"\n\t\t \n\t\taria-hidden=\"true\"><\/span>\t\t\t\t\t\t\t<\/div>\n\t\t\t\t\t\t\t<div class=\"sow-accordion-close-button\">\n\t\t\t\t\t\t\t\t<span class=\"sow-icon-ionicons\" data-sow-icon=\"&#xf209;\"\n\t\t \n\t\taria-hidden=\"true\"><\/span>\t\t\t\t\t\t\t<\/div>\n\t\t\t\t\t\t<\/div>\n\t\t\t\t\t<\/div>\n\t\t\t\t<\/div>\n\n\t\t\t<div\n\t\t\t\tclass=\"sow-accordion-panel-content\"\n\t\t\t\trole=\"region\"\n\t\t\t\taria-labelledby=\"accordion-label-distinciones-a-la-trayectoria\"\n\t\t\t\tid=\"accordion-content-distinciones-a-la-trayectoria\"\n\t\t\t\tstyle=\"display: none;\"\t\t\t>\n\t\t\t\t<div class=\"sow-accordion-panel-border\">\n\t\t\t\t\t<p><!-- wp:paragraph --><\/p>\n<p>El grupo CAHT reconoce y distingue el valioso aporte acad\u00e9mico realizado a lo largo de sus carreras por parte de sus asociados como referentes en sus diversas \u00e1reas de actuaci\u00f3n (Medicina, Bioqu\u00edmica Cl\u00ednica, Docencia, Investigaci\u00f3n en Hemostasia, Trombosis y Hematolog\u00eda, entre otras).<\/p>\n<p><!-- \/wp:paragraph --> <!-- wp:paragraph --><\/p>\n<p>\u25ba <strong>CONFERENCIA ROUVIER<\/strong>: Desde 2014, en cada <strong>Congreso Argentino de Hemostasia y Trombosis<\/strong>, se propone a un disertante para esta conferencia con el fin de brindar un especial reconocimiento a su trayectoria profesional.<\/p>\n<p><!-- \/wp:paragraph --> <!-- wp:media-text {\"mediaId\":9096,\"mediaLink\":\"https:\/\/www.grupocaht.com\/premios-y-distinciones\/presentacion-sin-titulo-1\/\",\"mediaType\":\"image\"} --><\/p>\n<div class=\"wp-block-media-text alignwide is-stacked-on-mobile\">\n<figure class=\"wp-block-media-text__media\"><img loading=\"lazy\" decoding=\"async\" width=\"606\" height=\"535\" class=\"wp-image-9096 size-full\" src=\"https:\/\/www.grupocaht.com\/wp-content\/uploads\/2023\/03\/Presentacion-sin-titulo-1.jpg\" alt=\"\" srcset=\"https:\/\/www.grupocaht.com\/wp-content\/uploads\/2023\/03\/Presentacion-sin-titulo-1.jpg 606w, https:\/\/www.grupocaht.com\/wp-content\/uploads\/2023\/03\/Presentacion-sin-titulo-1-300x265.jpg 300w, https:\/\/www.grupocaht.com\/wp-content\/uploads\/2023\/03\/Presentacion-sin-titulo-1-14x12.jpg 14w\" sizes=\"auto, (max-width: 606px) 100vw, 606px\" \/><\/figure>\n<div class=\"wp-block-media-text__content\">\n<p><!-- wp:paragraph {\"placeholder\":\"Contenido...\"} --><\/p>\n<p><strong>Galardonados:<\/strong><\/p>\n<p><!-- \/wp:paragraph --> <!-- wp:paragraph --><\/p>\n<p>&#x1f3a4; Carlos Fondevila (A\u00f1o 2022)<\/p>\n<p><!-- \/wp:paragraph --> <!-- wp:paragraph --><\/p>\n<p>&#x1f3a4; Marta Martinuzzo (A\u00f1o 2021)<\/p>\n<p><!-- \/wp:paragraph --> <!-- wp:paragraph --><\/p>\n<p>&#x1f3a4; Susana Meschengieser (A\u00f1o 2018)<\/p>\n<p><!-- \/wp:paragraph --> <!-- wp:paragraph --><\/p>\n<p>&#x1f3a4; Jorge Korin (A\u00f1o 2016)<\/p>\n<p><!-- \/wp:paragraph --> <!-- wp:paragraph --><\/p>\n<p>&#x1f3a4; Emilse Bermejo (A\u00f1o 2014)<\/p>\n<p><!-- \/wp:paragraph --><\/p>\n<\/div>\n<\/div>\n<p><!-- \/wp:media-text --> <!-- wp:paragraph --><\/p>\n<p><!-- \/wp:paragraph --> <!-- wp:paragraph --><\/p>\n<p>\u25ba <strong>DISTINCIONES POR \u00c1REAS<\/strong> <strong>(A\u00f1o 2011)<\/strong>:<\/p>\n<p><!-- \/wp:paragraph --> <!-- wp:paragraph --><\/p>\n<p><strong>Galardonados<\/strong><\/p>\n<p><!-- \/wp:paragraph --> <!-- wp:paragraph --><\/p>\n<p>&#x1f52c; <strong>Bioqu\u00edmica cl\u00ednica<\/strong><\/p>\n<p><!-- \/wp:paragraph --> <!-- wp:list --><\/p>\n<ul>\n<li style=\"list-style-type: none\">\n<ul><!-- wp:list-item -->\n<li>Marta Martinuzzo<\/li>\n<\/ul>\n<\/li>\n<\/ul>\n<p><!-- \/wp:list-item --> <!-- wp:list-item --><\/p>\n<ul>\n<li style=\"list-style-type: none\">\n<ul>\n<li>Ricardo Forastiero<\/li>\n<\/ul>\n<\/li>\n<\/ul>\n<p><!-- \/wp:list-item --> <!-- wp:list-item --><\/p>\n<ul>\n<li style=\"list-style-type: none\">\n<ul>\n<li>Alicia Blanco<\/li>\n<\/ul>\n<\/li>\n<\/ul>\n<p><!-- \/wp:list-item --> <!-- wp:list-item --><\/p>\n<ul>\n<li style=\"list-style-type: none\">\n<ul>\n<li>Alejandra Scazziota<\/li>\n<\/ul>\n<\/li>\n<\/ul>\n<p><!-- \/wp:list-item --><\/p>\n<p><!-- \/wp:list --> <!-- wp:paragraph --><\/p>\n<p>&#x1f469;&#x200d;&#x1f52c; <strong>Investigaci\u00f3n b\u00e1sica<\/strong><\/p>\n<p><!-- \/wp:paragraph --> <!-- wp:list --><\/p>\n<ul>\n<li style=\"list-style-type: none\">\n<ul><!-- wp:list-item -->\n<li>Mirta Schattner<\/li>\n<\/ul>\n<\/li>\n<\/ul>\n<p><!-- \/wp:list-item --><\/p>\n<p><!-- \/wp:list --> <!-- wp:paragraph --><\/p>\n<p>&#x1f489; <strong>Hematolog\u00eda cl\u00ednica pedi\u00e1trica<\/strong><\/p>\n<p><!-- \/wp:paragraph --> <!-- wp:list --><\/p>\n<ul>\n<li style=\"list-style-type: none\">\n<ul><!-- wp:list-item -->\n<li>Luis Aversa<\/li>\n<\/ul>\n<\/li>\n<\/ul>\n<p><!-- \/wp:list-item --> <!-- wp:list-item --><\/p>\n<ul>\n<li style=\"list-style-type: none\">\n<ul>\n<li>Mariana Bonduel<\/li>\n<\/ul>\n<\/li>\n<\/ul>\n<p><!-- \/wp:list-item --><\/p>\n<p><!-- \/wp:list --> <!-- wp:paragraph --><\/p>\n<p>&#x1f489; <strong>Hematolog\u00eda cl\u00ednica en adultos<\/strong><\/p>\n<p><!-- \/wp:paragraph --> <!-- wp:list --><\/p>\n<ul>\n<li style=\"list-style-type: none\">\n<ul><!-- wp:list-item -->\n<li>Jorge Korin<\/li>\n<\/ul>\n<\/li>\n<\/ul>\n<p><!-- \/wp:list-item --> <!-- wp:list-item --><\/p>\n<ul>\n<li style=\"list-style-type: none\">\n<ul>\n<li>Susana Meschengieser<\/li>\n<\/ul>\n<\/li>\n<\/ul>\n<p><!-- \/wp:list-item --><\/p>\n<p><!-- \/wp:list --> <!-- wp:paragraph --><\/p>\n<p><!-- \/wp:paragraph --> <!-- wp:paragraph --><\/p>\n<p>\u25ba <strong>DISTINCI\u00d3N \u201cMAESTROS\u00a0EN HEMOSTASIA Y TROMBOSIS\u201d (A\u00f1o 2000)<\/strong>:<\/p>\n<p><!-- \/wp:paragraph --> <!-- wp:paragraph {\"placeholder\":\"Contenido...\"} --><\/p>\n<p><strong>Galardonados:<\/strong><\/p>\n<p><!-- \/wp:paragraph --> <!-- wp:paragraph --><\/p>\n<p>&#x1f469;&#x200d;&#x2696;&#xfe0f; Mar\u00eda \u00c1ngela Lazzari<\/p>\n<p><!-- \/wp:paragraph --> <!-- wp:paragraph --><\/p>\n<p>&#x1f469;&#x200d;&#x2696;&#xfe0f; Felisa Molinas<\/p>\n<p><!-- \/wp:paragraph --> <!-- wp:paragraph --><\/p>\n<p>&#x1f468;&#x200d;&#x2696;&#xfe0f; Julio S\u00e1nchez \u00c1valos<\/p>\n<p><!-- \/wp:paragraph --> <!-- wp:paragraph --><\/p>\n<p>&#x1f469;&#x200d;&#x2696;&#xfe0f; Luc\u00eda Kordich<\/p>\n<p><!-- \/wp:paragraph --><\/p>\n\t\t\t\t<\/div>\n\t\t\t<\/div>\n\t\t<\/div>\n\t\t\t<div class=\"sow-accordion-panel\"\n\t\t\t\tdata-anchor-id=\"premios\">\n\t\t\t\t\t<div class=\"sow-accordion-panel-header-container\" role=\"heading\" aria-level=\"2\">\n\t\t\t\t\t<div class=\"sow-accordion-panel-header\" tabindex=\"0\" role=\"button\" id=\"accordion-label-premios\" aria-controls=\"accordion-content-premios\" aria-expanded=\"false\">\n\t\t\t\t\t\t<div class=\"sow-accordion-title sow-accordion-title-icon-left\">\n\t\t\t\t\t\t\t\t\t\t\t\t\t\tPREMIOS\t\t\t\t\t\t\t\t\t\t\t\t\t<\/div>\n\t\t\t\t\t\t<div class=\"sow-accordion-open-close-button\">\n\t\t\t\t\t\t\t<div class=\"sow-accordion-open-button\">\n\t\t\t\t\t\t\t\t<span class=\"sow-icon-ionicons\" data-sow-icon=\"&#xf218;\"\n\t\t \n\t\taria-hidden=\"true\"><\/span>\t\t\t\t\t\t\t<\/div>\n\t\t\t\t\t\t\t<div class=\"sow-accordion-close-button\">\n\t\t\t\t\t\t\t\t<span class=\"sow-icon-ionicons\" data-sow-icon=\"&#xf209;\"\n\t\t \n\t\taria-hidden=\"true\"><\/span>\t\t\t\t\t\t\t<\/div>\n\t\t\t\t\t\t<\/div>\n\t\t\t\t\t<\/div>\n\t\t\t\t<\/div>\n\n\t\t\t<div\n\t\t\t\tclass=\"sow-accordion-panel-content\"\n\t\t\t\trole=\"region\"\n\t\t\t\taria-labelledby=\"accordion-label-premios\"\n\t\t\t\tid=\"accordion-content-premios\"\n\t\t\t\tstyle=\"display: none;\"\t\t\t>\n\t\t\t\t<div class=\"sow-accordion-panel-border\">\n\t\t\t\t\t<p><a href=\"https:\/\/www.grupocaht.com\/wp-content\/uploads\/2023\/03\/Slide1.jpg\"><img loading=\"lazy\" decoding=\"async\" class=\"alignnone size-full wp-image-9175\" src=\"https:\/\/www.grupocaht.com\/wp-content\/uploads\/2023\/03\/Slide1.jpg\" alt=\"\" width=\"960\" height=\"464\" srcset=\"https:\/\/www.grupocaht.com\/wp-content\/uploads\/2023\/03\/Slide1.jpg 960w, https:\/\/www.grupocaht.com\/wp-content\/uploads\/2023\/03\/Slide1-300x145.jpg 300w, https:\/\/www.grupocaht.com\/wp-content\/uploads\/2023\/03\/Slide1-768x371.jpg 768w, https:\/\/www.grupocaht.com\/wp-content\/uploads\/2023\/03\/Slide1-18x9.jpg 18w\" sizes=\"auto, (max-width: 960px) 100vw, 960px\" \/><\/a> <a href=\"https:\/\/www.grupocaht.com\/wp-content\/uploads\/2023\/03\/Slide2.jpg\"><img loading=\"lazy\" decoding=\"async\" class=\"alignnone size-full wp-image-9176\" src=\"https:\/\/www.grupocaht.com\/wp-content\/uploads\/2023\/03\/Slide2.jpg\" alt=\"\" width=\"960\" height=\"422\" srcset=\"https:\/\/www.grupocaht.com\/wp-content\/uploads\/2023\/03\/Slide2.jpg 960w, https:\/\/www.grupocaht.com\/wp-content\/uploads\/2023\/03\/Slide2-300x132.jpg 300w, https:\/\/www.grupocaht.com\/wp-content\/uploads\/2023\/03\/Slide2-768x338.jpg 768w, https:\/\/www.grupocaht.com\/wp-content\/uploads\/2023\/03\/Slide2-18x8.jpg 18w\" sizes=\"auto, (max-width: 960px) 100vw, 960px\" \/><\/a> <a href=\"https:\/\/www.grupocaht.com\/wp-content\/uploads\/2023\/03\/Slide3.jpg\"><img loading=\"lazy\" decoding=\"async\" class=\"alignnone size-full wp-image-9177\" src=\"https:\/\/www.grupocaht.com\/wp-content\/uploads\/2023\/03\/Slide3.jpg\" alt=\"\" width=\"960\" height=\"410\" srcset=\"https:\/\/www.grupocaht.com\/wp-content\/uploads\/2023\/03\/Slide3.jpg 960w, https:\/\/www.grupocaht.com\/wp-content\/uploads\/2023\/03\/Slide3-300x128.jpg 300w, https:\/\/www.grupocaht.com\/wp-content\/uploads\/2023\/03\/Slide3-768x328.jpg 768w, https:\/\/www.grupocaht.com\/wp-content\/uploads\/2023\/03\/Slide3-18x8.jpg 18w\" sizes=\"auto, (max-width: 960px) 100vw, 960px\" \/><\/a><\/p>\n\t\t\t\t<\/div>\n\t\t\t<\/div>\n\t\t<\/div>\n\t\t<\/div>\n<\/div>\n<\/div>\n\n\n<p><\/p>","protected":false},"excerpt":{"rendered":"","protected":false},"author":6,"featured_media":0,"parent":0,"menu_order":0,"comment_status":"closed","ping_status":"closed","template":"","meta":{"footnotes":""},"class_list":["post-5946","page","type-page","status-publish","hentry"],"_links":{"self":[{"href":"https:\/\/www.grupocaht.com\/en\/wp-json\/wp\/v2\/pages\/5946","targetHints":{"allow":["GET"]}}],"collection":[{"href":"https:\/\/www.grupocaht.com\/en\/wp-json\/wp\/v2\/pages"}],"about":[{"href":"https:\/\/www.grupocaht.com\/en\/wp-json\/wp\/v2\/types\/page"}],"author":[{"embeddable":true,"href":"https:\/\/www.grupocaht.com\/en\/wp-json\/wp\/v2\/users\/6"}],"replies":[{"embeddable":true,"href":"https:\/\/www.grupocaht.com\/en\/wp-json\/wp\/v2\/comments?post=5946"}],"version-history":[{"count":13,"href":"https:\/\/www.grupocaht.com\/en\/wp-json\/wp\/v2\/pages\/5946\/revisions"}],"predecessor-version":[{"id":9203,"href":"https:\/\/www.grupocaht.com\/en\/wp-json\/wp\/v2\/pages\/5946\/revisions\/9203"}],"wp:attachment":[{"href":"https:\/\/www.grupocaht.com\/en\/wp-json\/wp\/v2\/media?parent=5946"}],"curies":[{"name":"wp","href":"https:\/\/api.w.org\/{rel}","templated":true}]}}