{"id":5444,"date":"2021-05-28T12:37:24","date_gmt":"2021-05-28T15:37:24","guid":{"rendered":"https:\/\/www.grupocaht.com\/?page_id=5444"},"modified":"2026-03-22T17:39:38","modified_gmt":"2026-03-22T20:39:38","slug":"programa-de-financiamiento-cahtalizar","status":"publish","type":"page","link":"https:\/\/www.grupocaht.com\/en\/programa-de-financiamiento-cahtalizar\/","title":{"rendered":"Programa de Financiamiento CAHTalizar"},"content":{"rendered":"<figure class=\"wp-block-image\"><img loading=\"lazy\" decoding=\"async\" width=\"300\" height=\"258\" src=\"https:\/\/www.grupocaht.com\/wp-content\/uploads\/2021\/12\/Logo-CAHTalizar-2.jpg\" alt=\"\" class=\"wp-image-6485\" srcset=\"https:\/\/www.grupocaht.com\/wp-content\/uploads\/2021\/12\/Logo-CAHTalizar-2.jpg 300w, https:\/\/www.grupocaht.com\/wp-content\/uploads\/2021\/12\/Logo-CAHTalizar-2-14x12.jpg 14w\" sizes=\"auto, (max-width: 300px) 100vw, 300px\" \/><\/figure>\n\n\n\n<hr class=\"wp-block-separator has-alpha-channel-opacity\"\/>\n\n\n<div\n\t\t\t\n\t\t\tclass=\"so-widget-sow-editor so-widget-sow-editor-base\"\n\t\t\t\n\t\t>\n<div class=\"siteorigin-widget-tinymce textwidget\">\n\t<p>Con mucho entusiasmo comunicamos una nueva edici\u00f3n del Programa de financiamiento CAHTalizar 2026!!!<\/p>\n<p>El Grupo CAHT implementa diversas iniciativas destinadas a fortalecer el desarrollo cient\u00edfico.\u00a0CAHTalizar es el Programa de financiamiento para proyectos de investigaci\u00f3n, cuyo objetivo es apoyar mediante subsidios no reembolsables a profesionales y grupos de trabajo que deseen llevar adelante investigaciones en hemostasia y trombosis en Argentina.<\/p>\n<\/div>\n<\/div>\n\n\n<figure class=\"wp-block-image size-large is-resized\"><img loading=\"lazy\" decoding=\"async\" width=\"722\" height=\"1024\" src=\"https:\/\/www.grupocaht.com\/wp-content\/uploads\/2026\/03\/Flyer-Cahtalizar-2026-722x1024.jpg\" alt=\"\" class=\"wp-image-11286\" style=\"aspect-ratio:0.7050843836787012;width:723px;height:auto\" srcset=\"https:\/\/www.grupocaht.com\/wp-content\/uploads\/2026\/03\/Flyer-Cahtalizar-2026-722x1024.jpg 722w, https:\/\/www.grupocaht.com\/wp-content\/uploads\/2026\/03\/Flyer-Cahtalizar-2026-211x300.jpg 211w, https:\/\/www.grupocaht.com\/wp-content\/uploads\/2026\/03\/Flyer-Cahtalizar-2026-768x1090.jpg 768w, https:\/\/www.grupocaht.com\/wp-content\/uploads\/2026\/03\/Flyer-Cahtalizar-2026-1082x1536.jpg 1082w, https:\/\/www.grupocaht.com\/wp-content\/uploads\/2026\/03\/Flyer-Cahtalizar-2026-1443x2048.jpg 1443w, https:\/\/www.grupocaht.com\/wp-content\/uploads\/2026\/03\/Flyer-Cahtalizar-2026-8x12.jpg 8w, https:\/\/www.grupocaht.com\/wp-content\/uploads\/2026\/03\/Flyer-Cahtalizar-2026-scaled.jpg 1804w\" sizes=\"auto, (max-width: 722px) 100vw, 722px\" \/><\/figure>\n\n\n<div id=\"pl-gb5444-69f4ddae571cb\"  class=\"panel-layout\" ><div id=\"pg-gb5444-69f4ddae571cb-0\"  class=\"panel-grid panel-no-style\" ><div id=\"pgc-gb5444-69f4ddae571cb-0-0\"  class=\"panel-grid-cell\" ><div id=\"panel-gb5444-69f4ddae571cb-0-0-0\" class=\"so-panel widget widget_text panel-first-child panel-last-child\" data-index=\"0\" >\t\t\t<div class=\"textwidget\"><ul>\n<li><a href=\"https:\/\/www.grupocaht.com\/wp-content\/uploads\/2026\/03\/Bases-y-condiciones-CAHTalizar-2026.pdf\">Bases y condiciones CAHTalizar 2026<\/a><\/li>\n<\/ul>\n<\/div>\n\t\t<\/div><\/div><\/div><\/div>\n\n\n<!--nextpage-->\n\n\n<div\n\t\t\t\n\t\t\tclass=\"so-widget-sow-editor so-widget-sow-editor-base\"\n\t\t\t\n\t\t>\n<div class=\"siteorigin-widget-tinymce textwidget\">\n\t<p><strong><span style=\"color: #ff0000;\">CAHTalizar 2023<\/span><\/strong>\u00a0<\/p>\n<p>Estos son los grupos que recibieron las becas:<\/p>\n<p><em><strong>Investigaci\u00f3n Cl\u00ednica<\/strong><\/em><\/p>\n<p><strong><span style=\"color: #ff0000;\">Evaluaci\u00f3n de la actividad de los anticoagulantes orales directos en pacientes con distintas<\/span><\/strong><br \/><strong><span style=\"color: #ff0000;\">situaciones cl\u00ednicas<\/span><\/strong><\/p>\n<p><strong>Investigador Responsable: <\/strong>Silvina Pons<\/p>\n<p><strong>Miembros del Grupo:<\/strong> Sof\u00eda Aguirre, Mar\u00eda Esther Aris Cancela, Andr\u00e9s Brodsky, Jos\u00e9 Ceresetto,<br \/>Paulo Colimodio, Cristina Duboscq, Gonzalo Martin Garate, Florencia Celeste Gentilcore, Ma.<br \/>De Lourdes Herrera, Carolina Valeria Mahuad, Virginia Roma\u00f1ano, Claudio Mart\u00edn Rosa y<br \/>Alejandra Scazziota.<\/p>\n<p><strong>Lugar de Trabajo:<\/strong> Laboratorio de Hemostasia, Facultad de Farmacia y Bioqu\u00edmica. UBA,<br \/>Servicio de Hematolog\u00eda. Hospital de Cl\u00ednicas Jos\u00e9 de San Mart\u00edn, Servicio de Hematolog\u00eda.<br \/>Hospital Brit\u00e1nico de Buenos Aires, Laboratorio. Hospital Austral, Servicio de Hematolog\u00eda.<br \/>Hospital Austral, Servicio de Hematolog\u00eda. Hospital Alem\u00e1n<br \/><strong>\u00a0<\/strong><\/p>\n<p><em><strong>Investigaci\u00f3n B\u00e1sica<\/strong><\/em><\/p>\n<p>\u00a0<span style=\"color: #ff0000;\"><strong>Reprogramaci\u00f3n de macr\u00f3fagos y osteoclastos para el tratamiento de sinovitis cr\u00f3nica en<\/strong><\/span><br \/><span style=\"color: #ff0000;\"><strong>pacientes con hemofilia empleando plasma rico en plaquetas.<\/strong><\/span><\/p>\n<p><strong>Investigador Responsable: <\/strong>Eugenio Antonio Carrera Silva<\/p>\n<p><strong>Miembros del Grupo: <\/strong>Horacio Caviglia, Eulalia Landro y Paula Oneto<\/p>\n<p><strong>Lugar de trabajo: <\/strong>Instituto de Medicina Experimental (IMEX) \u2013 CONICET \u2013 Academia Nacional<br \/>de Medicina. Fundaci\u00f3n de la Hemofilia.\u00a0<\/p>\n<p><strong><span style=\"color: #ff0000;\">Relaciones Genotipo-Fenotipo en Hemofilia. Desarrollo y aplicaci\u00f3nde herramientas<\/span><\/strong><br \/><strong><span style=\"color: #ff0000;\">moleculares y bioqu\u00edmicas para la mejora del diagn\u00f3stico y tratamiento de las personas con <\/span><\/strong><strong><span style=\"color: #ff0000;\">hemofilia.<\/span><\/strong><\/p>\n<p><strong>Investigador Responsable: <\/strong>Liliana Rossetti<\/p>\n<p><strong>Miembros del Grupo: <\/strong>Mart\u00edn Abelleyro, Mirta Arias, Alejandra Baques, Carlos De Brasi, Pamela<br \/>Radic, Emanuel Sueldo y Betiana Ziegler<\/p>\n<p><strong>Lugar de Trabajo:\u00a0 <\/strong>Laboratorio de Gen\u00e9tica Molecular de la Hemofilia (GMH).Instituto de<br \/>Medicina Experimental (IMEX)- CONICET-Academia Nacional de Medicina (ANM)<\/p>\n<\/div>\n<\/div>\n\n\n<!--nextpage-->\n\n\n<div id=\"pl-gb5444-69f4ddae57d08\"  class=\"panel-layout wp-block-siteorigin-panels-layout-block\" ><div id=\"pg-gb5444-69f4ddae57d08-0\"  class=\"panel-grid panel-no-style\" ><div id=\"pgc-gb5444-69f4ddae57d08-0-0\"  class=\"panel-grid-cell\" ><div id=\"panel-gb5444-69f4ddae57d08-0-0-0\" class=\"so-panel widget widget_sow-editor panel-first-child panel-last-child\" data-index=\"0\" ><div\n\t\t\t\n\t\t\tclass=\"so-widget-sow-editor so-widget-sow-editor-base\"\n\t\t\t\n\t\t>\n<div class=\"siteorigin-widget-tinymce textwidget\">\n\t<p><span style=\"color: #ff0000;\"><strong>Financiamiento CAHTalizar 2021<\/strong><\/span><\/p>\n<p>Proyectos adjudicados:<\/p>\n<p><em>Investigaci\u00f3n Cl\u00ednica<\/em><br \/>\n-Prevalencia de Anticuerpos Antifosfol\u00edpidos y su asociaci\u00f3n con morbilidad obst\u00e9trica en pacientes con enfermedad periodontal.<br \/>\n<strong>Investigador Responsable<\/strong>: Dra. Patricia Casais<\/p>\n<p><em>Investigaci\u00f3n de Laboratorio<\/em><br \/>\n-Implementaci\u00f3n de un panel g\u00e9nico para el diagn\u00f3stico de Des\u00f3rdenes Plaquetarios Hereditarios mediante secuenciaci\u00f3n de nueva generaci\u00f3n.<br \/>\n<strong>Investigador Responsable:<\/strong>\u00a0Ana Glembotsky<\/p>\n<p><em>Investigaci\u00f3n B\u00e1sica<\/em><br \/>\n-Efecto de la acidosis en la megacariotrombopoyesis modulada por\u00a0TLR2 y TLR4.<br \/>\n<strong>Investigador Responsable:<\/strong>\u00a0Dra. Lina Paola D\u2019Atri<\/p>\n<p>-Rol de los Receptores Tipo TOLL Endosomales 7 y 8 en la generaci\u00f3n de Megacariocitos y Plaquetas.<br \/>\n<strong>Investigador Responsable:<\/strong>\u00a0Dra.\u00a0Mirta Schattner<\/p>\n<p><img loading=\"lazy\" decoding=\"async\" class=\"alignnone wp-image-6481 size-large\" src=\"https:\/\/www.grupocaht.com\/wp-content\/uploads\/2021\/12\/CAHTalizar-2-1024x1024.jpg\" alt=\"\" width=\"640\" height=\"640\" srcset=\"https:\/\/www.grupocaht.com\/wp-content\/uploads\/2021\/12\/CAHTalizar-2-1024x1024.jpg 1024w, https:\/\/www.grupocaht.com\/wp-content\/uploads\/2021\/12\/CAHTalizar-2-300x300.jpg 300w, https:\/\/www.grupocaht.com\/wp-content\/uploads\/2021\/12\/CAHTalizar-2-150x150.jpg 150w, https:\/\/www.grupocaht.com\/wp-content\/uploads\/2021\/12\/CAHTalizar-2-768x768.jpg 768w, https:\/\/www.grupocaht.com\/wp-content\/uploads\/2021\/12\/CAHTalizar-2-12x12.jpg 12w, https:\/\/www.grupocaht.com\/wp-content\/uploads\/2021\/12\/CAHTalizar-2-400x400.jpg 400w, https:\/\/www.grupocaht.com\/wp-content\/uploads\/2021\/12\/CAHTalizar-2-100x100.jpg 100w, https:\/\/www.grupocaht.com\/wp-content\/uploads\/2021\/12\/CAHTalizar-2.jpg 1300w\" sizes=\"auto, (max-width: 640px) 100vw, 640px\" \/><\/p>\n<p>&nbsp;<\/p>\n<p>&nbsp;<\/p>\n<\/div>\n<\/div><\/div><\/div><\/div><\/div>","protected":false},"excerpt":{"rendered":"","protected":false},"author":6,"featured_media":0,"parent":0,"menu_order":0,"comment_status":"closed","ping_status":"closed","template":"","meta":{"footnotes":""},"class_list":["post-5444","page","type-page","status-publish","hentry"],"_links":{"self":[{"href":"https:\/\/www.grupocaht.com\/en\/wp-json\/wp\/v2\/pages\/5444","targetHints":{"allow":["GET"]}}],"collection":[{"href":"https:\/\/www.grupocaht.com\/en\/wp-json\/wp\/v2\/pages"}],"about":[{"href":"https:\/\/www.grupocaht.com\/en\/wp-json\/wp\/v2\/types\/page"}],"author":[{"embeddable":true,"href":"https:\/\/www.grupocaht.com\/en\/wp-json\/wp\/v2\/users\/6"}],"replies":[{"embeddable":true,"href":"https:\/\/www.grupocaht.com\/en\/wp-json\/wp\/v2\/comments?post=5444"}],"version-history":[{"count":33,"href":"https:\/\/www.grupocaht.com\/en\/wp-json\/wp\/v2\/pages\/5444\/revisions"}],"predecessor-version":[{"id":11323,"href":"https:\/\/www.grupocaht.com\/en\/wp-json\/wp\/v2\/pages\/5444\/revisions\/11323"}],"wp:attachment":[{"href":"https:\/\/www.grupocaht.com\/en\/wp-json\/wp\/v2\/media?parent=5444"}],"curies":[{"name":"wp","href":"https:\/\/api.w.org\/{rel}","templated":true}]}}