{"id":5202,"date":"2021-03-09T14:17:37","date_gmt":"2021-03-09T17:17:37","guid":{"rendered":"http:\/\/www.grupocaht.com\/?page_id=5202"},"modified":"2021-03-09T14:17:37","modified_gmt":"2021-03-09T17:17:37","slug":"resumenes-cardiopatia-estructural","status":"publish","type":"page","link":"https:\/\/www.grupocaht.com\/en\/resumenes-cardiopatia-estructural\/","title":{"rendered":"Res\u00famenes Cardiopat\u00eda Estructural"},"content":{"rendered":"<ul>\n<li>Gen\u00e9tica y Cardiopat\u00eda. Sof\u00eda Juarez Pe\u00f1alva. <a href=\"http:\/\/www.grupocaht.com\/wp-content\/uploads\/2020\/09\/Juarez-Penalva.pdf\" target=\"_blank\" rel=\"noopener\">Ver documento<\/a><\/li>\n<li>Terapia antitromb\u00f3tica en cardiopat\u00edas estructurales. Carolina Cervio. <a href=\"http:\/\/www.grupocaht.com\/wp-content\/uploads\/2020\/09\/Carolina-Cervio.pdf\" target=\"_blank\" rel=\"noopener\">Ver documento<\/a><\/li>\n<li>Superficies biol\u00f3gicas y activaci\u00f3n de la coagulaci\u00f3n. Virginia Roma\u00f1ano. <a href=\"http:\/\/www.grupocaht.com\/wp-content\/uploads\/2020\/09\/Romanano.pdf\" target=\"_blank\" rel=\"noopener\">Ver documento<\/a><\/li>\n<li>Tratamiento antitromb\u00f3tico en implante transcat\u00e9ter de pr\u00f3tesis de v\u00e1lvula a\u00f3rtica\/Mitraclip. Dolores Puente. <a href=\"http:\/\/www.grupocaht.com\/wp-content\/uploads\/2020\/09\/Dolores-Puente.pdf\" target=\"_blank\" rel=\"noopener\">Ver documento<\/a><\/li>\n<li>Reparaci\u00f3n valvular y reemplazos valvulares biol\u00f3gicos. \u00bfAnticoagulaci\u00f3n o antiagregaci\u00f3n?. Mar\u00eda Esther Aris Cancela. <a href=\"http:\/\/www.grupocaht.com\/wp-content\/uploads\/2020\/09\/Aris-Cancela.pdf\" target=\"_blank\" rel=\"noopener\">Ver documento<\/a><\/li>\n<\/ul>","protected":false},"excerpt":{"rendered":"<p>Gen\u00e9tica y Cardiopat\u00eda. Sof\u00eda Juarez Pe\u00f1alva. Ver documento Terapia antitromb\u00f3tica en cardiopat\u00edas estructurales. Carolina Cervio. Ver documento Superficies biol\u00f3gicas y activaci\u00f3n de la coagulaci\u00f3n. Virginia Roma\u00f1ano. Ver documento Tratamiento antitromb\u00f3tico en implante transcat\u00e9ter de pr\u00f3tesis de v\u00e1lvula a\u00f3rtica\/Mitraclip. Dolores Puente. Ver documento Reparaci\u00f3n valvular y reemplazos valvulares biol\u00f3gicos. \u00bfAnticoagulaci\u00f3n o antiagregaci\u00f3n?. Mar\u00eda Esther Aris Cancela. [&hellip;]<\/p>\n","protected":false},"author":6,"featured_media":0,"parent":0,"menu_order":0,"comment_status":"closed","ping_status":"closed","template":"","meta":{"footnotes":""},"class_list":["post-5202","page","type-page","status-publish","hentry"],"_links":{"self":[{"href":"https:\/\/www.grupocaht.com\/en\/wp-json\/wp\/v2\/pages\/5202","targetHints":{"allow":["GET"]}}],"collection":[{"href":"https:\/\/www.grupocaht.com\/en\/wp-json\/wp\/v2\/pages"}],"about":[{"href":"https:\/\/www.grupocaht.com\/en\/wp-json\/wp\/v2\/types\/page"}],"author":[{"embeddable":true,"href":"https:\/\/www.grupocaht.com\/en\/wp-json\/wp\/v2\/users\/6"}],"replies":[{"embeddable":true,"href":"https:\/\/www.grupocaht.com\/en\/wp-json\/wp\/v2\/comments?post=5202"}],"version-history":[{"count":2,"href":"https:\/\/www.grupocaht.com\/en\/wp-json\/wp\/v2\/pages\/5202\/revisions"}],"predecessor-version":[{"id":5206,"href":"https:\/\/www.grupocaht.com\/en\/wp-json\/wp\/v2\/pages\/5202\/revisions\/5206"}],"wp:attachment":[{"href":"https:\/\/www.grupocaht.com\/en\/wp-json\/wp\/v2\/media?parent=5202"}],"curies":[{"name":"wp","href":"https:\/\/api.w.org\/{rel}","templated":true}]}}