{"id":5080,"date":"2021-03-02T13:25:49","date_gmt":"2021-03-02T16:25:49","guid":{"rendered":"http:\/\/www.grupocaht.com\/?page_id=5080"},"modified":"2025-05-28T15:35:29","modified_gmt":"2025-05-28T18:35:29","slug":"webinarios","status":"publish","type":"page","link":"https:\/\/www.grupocaht.com\/en\/webinarios\/","title":{"rendered":"Webinarios y Ateneos"},"content":{"rendered":"<div id=\"pl-5080\"  class=\"panel-layout\" ><div id=\"pg-5080-0\"  class=\"panel-grid panel-no-style\" ><div id=\"pgc-5080-0-0\"  class=\"panel-grid-cell\" ><div id=\"panel-5080-0-0-0\" class=\"so-panel widget widget_siteorigin-panels-postloop panel-first-child panel-last-child\" data-index=\"0\" >\n<article id=\"post-10884\" class=\"total-hentry post-10884 post type-post status-publish format-standard has-post-thumbnail hentry category-novedades category-webinarios\">\n\t\t<div class=\"entry-meta ht-post-info\">\n\t\t<span class=\"entry-date published updated\"><span class=\"ht-day\">28<\/span><span class=\"ht-month-year\">May 2025<\/span><\/span><span class=\"byline\"> by <span class=\"author vcard\"><a class=\"url fn n\" href=\"https:\/\/www.grupocaht.com\/en\/author\/grupo-caht\/\">Grupo CAHT<\/a><\/span><\/span>\t<\/div><!-- .entry-meta -->\n\t\n\n\t<div class=\"ht-post-wrapper\">\n\t\t\t\t<figure class=\"entry-figure\">\n\t\t\t\t\t\t<a href=\"https:\/\/www.grupocaht.com\/en\/2025\/05\/28\/webinario-taller-de-casos-clinicos-de-agregacion-plaquetaria\/\"><img decoding=\"async\" src=\"https:\/\/www.grupocaht.com\/wp-content\/uploads\/2025\/05\/Flyer-1o-Taller-2025-720x360.jpg\" alt=\"Webinario: Taller de casos cl\u00ednicos de agregaci\u00f3n plaquetaria\"><\/a>\n\t\t<\/figure>\n\t\t        \n\t\t<header class=\"entry-header\">\n\t\t\t<h2 class=\"entry-title\"><a href=\"https:\/\/www.grupocaht.com\/en\/2025\/05\/28\/webinario-taller-de-casos-clinicos-de-agregacion-plaquetaria\/\" rel=\"bookmark\">Webinario: Taller de casos cl\u00ednicos de agregaci\u00f3n plaquetaria<\/a><\/h2>\t\t<\/header><!-- .entry-header -->\n\n\t\t<div class=\"entry-categories\">\n  \n\t\t<\/div>\n        \n\t\t<div class=\"entry-summary\">\n\t\t\tActividad no arancelada. Cupos limitados. Inscripciones aqu\u00ed.\t\t<\/div><!-- .entry-content -->\n\n\t\t<div class=\"entry-readmore\">\n\t\t\t<a href=\"https:\/\/www.grupocaht.com\/en\/2025\/05\/28\/webinario-taller-de-casos-clinicos-de-agregacion-plaquetaria\/\">Read More<\/a>\n\t\t<\/div>\n\t<\/div>\n<\/article><!-- #post-## -->\n<article id=\"post-8380\" class=\"total-hentry post-8380 post type-post status-publish format-standard has-post-thumbnail hentry category-webinarios\">\n\t\t<div class=\"entry-meta ht-post-info\">\n\t\t<span class=\"entry-date published updated\"><span class=\"ht-day\">12<\/span><span class=\"ht-month-year\">Aug 2022<\/span><\/span><span class=\"byline\"> by <span class=\"author vcard\"><a class=\"url fn n\" href=\"https:\/\/www.grupocaht.com\/en\/author\/grupo-caht\/\">Grupo CAHT<\/a><\/span><\/span>\t<\/div><!-- .entry-meta -->\n\t\n\n\t<div class=\"ht-post-wrapper\">\n\t\t\t\t<figure class=\"entry-figure\">\n\t\t\t\t\t\t<a href=\"https:\/\/www.grupocaht.com\/en\/2022\/08\/12\/jornada-de-invierno-conjunta-sai-caht\/\"><img decoding=\"async\" src=\"https:\/\/www.grupocaht.com\/wp-content\/uploads\/2022\/08\/Flyer-Jornada-720x360.jpg\" alt=\"Jornada de Invierno conjunta SAI\/CAHT\"><\/a>\n\t\t<\/figure>\n\t\t        \n\t\t<header class=\"entry-header\">\n\t\t\t<h2 class=\"entry-title\"><a href=\"https:\/\/www.grupocaht.com\/en\/2022\/08\/12\/jornada-de-invierno-conjunta-sai-caht\/\" rel=\"bookmark\">Jornada de Invierno conjunta SAI\/CAHT<\/a><\/h2>\t\t<\/header><!-- .entry-header -->\n\n\t\t<div class=\"entry-categories\">\n  \n\t\t<\/div>\n        \n\t\t<div class=\"entry-summary\">\n\t\t\tAcceda a las charlas de cada orador clickeando sobre su nombre: Gabriela Mora &gt;&gt; Tromboinflamaci\u00f3n e inmunotrombosis. Ricardo Ra\u00fal Forastiero &gt;&gt; Factores de riesgo tromb\u00f3tico en el S\u00edndrome Antifosfol\u00edpido. Horacio Caviglia &gt;&gt; Experiencia en el tratamiento de artropat\u00edas en pacientes hemof\u00edlicos y el plasma rico en plaquetas (PRP) y las NETS como biomarcadores. Margareth C. Ozelo &gt;&gt; Terapia g\u00e9nica para Hemofilia: Avances.\t\t<\/div><!-- .entry-content -->\n\n\t\t<div class=\"entry-readmore\">\n\t\t\t<a href=\"https:\/\/www.grupocaht.com\/en\/2022\/08\/12\/jornada-de-invierno-conjunta-sai-caht\/\">Read More<\/a>\n\t\t<\/div>\n\t<\/div>\n<\/article><!-- #post-## -->\n<article id=\"post-7489\" class=\"total-hentry post-7489 post type-post status-publish format-standard has-post-thumbnail hentry category-sangrado category-webinarios\">\n\t\t<div class=\"entry-meta ht-post-info\">\n\t\t<span class=\"entry-date published updated\"><span class=\"ht-day\">27<\/span><span class=\"ht-month-year\">Apr 2022<\/span><\/span><span class=\"byline\"> by <span class=\"author vcard\"><a class=\"url fn n\" href=\"https:\/\/www.grupocaht.com\/en\/author\/grupo-caht\/\">Grupo CAHT<\/a><\/span><\/span>\t<\/div><!-- .entry-meta -->\n\t\n\n\t<div class=\"ht-post-wrapper\">\n\t\t\t\t<figure class=\"entry-figure\">\n\t\t\t\t\t\t<a href=\"https:\/\/www.grupocaht.com\/en\/2022\/04\/27\/7489\/\"><img decoding=\"async\" src=\"https:\/\/www.grupocaht.com\/wp-content\/uploads\/2022\/04\/62689e6da90dc8f9740d397d-720x360.jpg\" alt=\"Webinario CAHT-CLAHT\"><\/a>\n\t\t<\/figure>\n\t\t        \n\t\t<header class=\"entry-header\">\n\t\t\t<h2 class=\"entry-title\"><a href=\"https:\/\/www.grupocaht.com\/en\/2022\/04\/27\/7489\/\" rel=\"bookmark\">Webinario CAHT-CLAHT<\/a><\/h2>\t\t<\/header><!-- .entry-header -->\n\n\t\t<div class=\"entry-categories\">\n  \n\t\t<\/div>\n        \n\t\t<div class=\"entry-summary\">\n\t\t\t&nbsp; Hemofilia, Webinar. Ver video\t\t<\/div><!-- .entry-content -->\n\n\t\t<div class=\"entry-readmore\">\n\t\t\t<a href=\"https:\/\/www.grupocaht.com\/en\/2022\/04\/27\/7489\/\">Read More<\/a>\n\t\t<\/div>\n\t<\/div>\n<\/article><!-- #post-## -->\n<article id=\"post-6133\" class=\"total-hentry post-6133 post type-post status-publish format-standard has-post-thumbnail hentry category-grupo-de-trabajo-de-laboratorio-caht category-webinarios\">\n\t\t<div class=\"entry-meta ht-post-info\">\n\t\t<span class=\"entry-date published updated\"><span class=\"ht-day\">05<\/span><span class=\"ht-month-year\">Oct 2021<\/span><\/span><span class=\"byline\"> by <span class=\"author vcard\"><a class=\"url fn n\" href=\"https:\/\/www.grupocaht.com\/en\/author\/grupo-caht\/\">Grupo CAHT<\/a><\/span><\/span>\t<\/div><!-- .entry-meta -->\n\t\n\n\t<div class=\"ht-post-wrapper\">\n\t\t\t\t<figure class=\"entry-figure\">\n\t\t\t\t\t\t<a href=\"https:\/\/www.grupocaht.com\/en\/2021\/10\/05\/1er-ateneo-de-hemostasia-2021\/\"><img decoding=\"async\" src=\"https:\/\/www.grupocaht.com\/wp-content\/uploads\/2021\/10\/Flyer-1o-Ateneo-Hemostasia-2-720x360.jpg\" alt=\"1er. Ateneo de Hemostasia 2021\"><\/a>\n\t\t<\/figure>\n\t\t        \n\t\t<header class=\"entry-header\">\n\t\t\t<h2 class=\"entry-title\"><a href=\"https:\/\/www.grupocaht.com\/en\/2021\/10\/05\/1er-ateneo-de-hemostasia-2021\/\" rel=\"bookmark\">1er. Ateneo de Hemostasia 2021<\/a><\/h2>\t\t<\/header><!-- .entry-header -->\n\n\t\t<div class=\"entry-categories\">\n  \n\t\t<\/div>\n        \n\t\t<div class=\"entry-summary\">\n\t\t\t\t\t<\/div><!-- .entry-content -->\n\n\t\t<div class=\"entry-readmore\">\n\t\t\t<a href=\"https:\/\/www.grupocaht.com\/en\/2021\/10\/05\/1er-ateneo-de-hemostasia-2021\/\">Read More<\/a>\n\t\t<\/div>\n\t<\/div>\n<\/article><!-- #post-## -->\n<article id=\"post-5633\" class=\"total-hentry post-5633 post type-post status-publish format-standard has-post-thumbnail hentry category-webinarios\">\n\t\t<div class=\"entry-meta ht-post-info\">\n\t\t<span class=\"entry-date published updated\"><span class=\"ht-day\">26<\/span><span class=\"ht-month-year\">Jul 2021<\/span><\/span><span class=\"byline\"> by <span class=\"author vcard\"><a class=\"url fn n\" href=\"https:\/\/www.grupocaht.com\/en\/author\/grupo-caht\/\">Grupo CAHT<\/a><\/span><\/span>\t<\/div><!-- .entry-meta -->\n\t\n\n\t<div class=\"ht-post-wrapper\">\n\t\t\t\t<figure class=\"entry-figure\">\n\t\t\t\t\t\t<a href=\"https:\/\/www.grupocaht.com\/en\/2021\/07\/26\/webinar-29-de-julio-2021-18-hs-buenos-aires\/\"><img decoding=\"async\" src=\"https:\/\/www.grupocaht.com\/wp-content\/uploads\/2021\/07\/Flyer-Webinar-Covid19-2021-2-parte-720x360.jpg\" alt=\"Webinar: 29 de julio 2021. 18 hs. (Buenos Aires)\"><\/a>\n\t\t<\/figure>\n\t\t        \n\t\t<header class=\"entry-header\">\n\t\t\t<h2 class=\"entry-title\"><a href=\"https:\/\/www.grupocaht.com\/en\/2021\/07\/26\/webinar-29-de-julio-2021-18-hs-buenos-aires\/\" rel=\"bookmark\">Webinar: 29 de julio 2021. 18 hs. (Buenos Aires)<\/a><\/h2>\t\t<\/header><!-- .entry-header -->\n\n\t\t<div class=\"entry-categories\">\n  \n\t\t<\/div>\n        \n\t\t<div class=\"entry-summary\">\n\t\t\tEfectos adversos y vacunas: mucho ruido y pocas nueces. Grupo Ciencia Anti Fake News. Ver Video Trombocitopenia inducida por vacunas. Gabriela De Larra\u00f1aga. Ver Video Por razones de confidencialidad de datos, los Dres. Cassattaro y Docena solicitaron no subir sus conferencias. Disculpen los inconvenientes.\t\t<\/div><!-- .entry-content -->\n\n\t\t<div class=\"entry-readmore\">\n\t\t\t<a href=\"https:\/\/www.grupocaht.com\/en\/2021\/07\/26\/webinar-29-de-julio-2021-18-hs-buenos-aires\/\">Read More<\/a>\n\t\t<\/div>\n\t<\/div>\n<\/article><!-- #post-## -->\n<article id=\"post-5627\" class=\"total-hentry post-5627 post type-post status-publish format-standard has-post-thumbnail hentry category-webinarios\">\n\t\t<div class=\"entry-meta ht-post-info\">\n\t\t<span class=\"entry-date published updated\"><span class=\"ht-day\">26<\/span><span class=\"ht-month-year\">Jul 2021<\/span><\/span><span class=\"byline\"> by <span class=\"author vcard\"><a class=\"url fn n\" href=\"https:\/\/www.grupocaht.com\/en\/author\/grupo-caht\/\">Grupo CAHT<\/a><\/span><\/span>\t<\/div><!-- .entry-meta -->\n\t\n\n\t<div class=\"ht-post-wrapper\">\n\t\t\t\t<figure class=\"entry-figure\">\n\t\t\t\t\t\t<a href=\"https:\/\/www.grupocaht.com\/en\/2021\/07\/26\/webinar-28-de-julio-2021-18hs-buenos-aires\/\"><img decoding=\"async\" src=\"https:\/\/www.grupocaht.com\/wp-content\/uploads\/2021\/07\/Flyer-Webinar-Covid19-2021-1-parte-720x360.jpg\" alt=\"Webinar: 28 de julio 2021. 18hs. (Buenos Aires)\"><\/a>\n\t\t<\/figure>\n\t\t        \n\t\t<header class=\"entry-header\">\n\t\t\t<h2 class=\"entry-title\"><a href=\"https:\/\/www.grupocaht.com\/en\/2021\/07\/26\/webinar-28-de-julio-2021-18hs-buenos-aires\/\" rel=\"bookmark\">Webinar: 28 de julio 2021. 18hs. (Buenos Aires)<\/a><\/h2>\t\t<\/header><!-- .entry-header -->\n\n\t\t<div class=\"entry-categories\">\n  \n\t\t<\/div>\n        \n\t\t<div class=\"entry-summary\">\n\t\t\tDe anticoagulantes milagrosos y otras yerbas. Grupo Ciencia Anti Fake News. Ver Video. Buscando la dosis de Heparina en COVID-19. Alberto Maneyro. Ver Video Manejo de tromboprofilaxis y eventos tromb\u00f3ticos en el \u00e1mbito p\u00fablico. Hospital El Cruce.\u00a0 Alejandra Mart\u00ed. Ver Video Manejo de tromboprofilaxis y eventos tromb\u00f3ticos en el \u00e1mbito privado. Hospital Italiano. Fernando Chuliber. Ver Video Suero hiperinmune anti SARS-CoV-2: desarrollo y evaluzci\u00f3n cl\u00ednica de su seguridad y eficacia. Fernando Goldbaum. Ver Video Preguntas. Ver video\t\t<\/div><!-- .entry-content -->\n\n\t\t<div class=\"entry-readmore\">\n\t\t\t<a href=\"https:\/\/www.grupocaht.com\/en\/2021\/07\/26\/webinar-28-de-julio-2021-18hs-buenos-aires\/\">Read More<\/a>\n\t\t<\/div>\n\t<\/div>\n<\/article><!-- #post-## -->\n<article id=\"post-3507\" class=\"total-hentry post-3507 post type-post status-publish format-standard has-post-thumbnail hentry category-webinarios\">\n\t\t<div class=\"entry-meta ht-post-info\">\n\t\t<span class=\"entry-date published updated\"><span class=\"ht-day\">26<\/span><span class=\"ht-month-year\">Aug 2020<\/span><\/span><span class=\"byline\"> by <span class=\"author vcard\"><a class=\"url fn n\" href=\"https:\/\/www.grupocaht.com\/en\/author\/grupo-caht\/\">Grupo CAHT<\/a><\/span><\/span>\t<\/div><!-- .entry-meta -->\n\t\n\n\t<div class=\"ht-post-wrapper\">\n\t\t\t\t<figure class=\"entry-figure\">\n\t\t\t\t\t\t<a href=\"https:\/\/www.grupocaht.com\/en\/2020\/08\/26\/webinar-18-de-septiembre-2020-17-hs-buenos-aires\/\"><img decoding=\"async\" src=\"https:\/\/www.grupocaht.com\/wp-content\/uploads\/2020\/08\/Flyer-Webinar-Covid19-II-720x360.jpg\" alt=\"Webinar: 18 de septiembre 2020. 17 hs. (Buenos Aires).\"><\/a>\n\t\t<\/figure>\n\t\t        \n\t\t<header class=\"entry-header\">\n\t\t\t<h2 class=\"entry-title\"><a href=\"https:\/\/www.grupocaht.com\/en\/2020\/08\/26\/webinar-18-de-septiembre-2020-17-hs-buenos-aires\/\" rel=\"bookmark\">Webinar: 18 de septiembre 2020. 17 hs. (Buenos Aires).<\/a><\/h2>\t\t<\/header><!-- .entry-header -->\n\n\t\t<div class=\"entry-categories\">\n  \n\t\t<\/div>\n        \n\t\t<div class=\"entry-summary\">\n\t\t\t\t\t<\/div><!-- .entry-content -->\n\n\t\t<div class=\"entry-readmore\">\n\t\t\t<a href=\"https:\/\/www.grupocaht.com\/en\/2020\/08\/26\/webinar-18-de-septiembre-2020-17-hs-buenos-aires\/\">Read More<\/a>\n\t\t<\/div>\n\t<\/div>\n<\/article><!-- #post-## -->\n<article id=\"post-2612\" class=\"total-hentry post-2612 post type-post status-publish format-standard has-post-thumbnail hentry category-webinarios\">\n\t\t<div class=\"entry-meta ht-post-info\">\n\t\t<span class=\"entry-date published updated\"><span class=\"ht-day\">28<\/span><span class=\"ht-month-year\">May 2020<\/span><\/span><span class=\"byline\"> by <span class=\"author vcard\"><a class=\"url fn n\" href=\"https:\/\/www.grupocaht.com\/en\/author\/grupo-caht\/\">Grupo CAHT<\/a><\/span><\/span>\t<\/div><!-- .entry-meta -->\n\t\n\n\t<div class=\"ht-post-wrapper\">\n\t\t\t\t<figure class=\"entry-figure\">\n\t\t\t\t\t\t<a href=\"https:\/\/www.grupocaht.com\/en\/2020\/05\/28\/webinar-3-de-junio-de-2020-18-hs-buenos-aires\/\"><img decoding=\"async\" src=\"https:\/\/www.grupocaht.com\/wp-content\/uploads\/2020\/05\/Flyer-Webinar-Covid19-720x360.jpg\" alt=\"Webinar: 3 de junio 2020. 18 hs. (Buenos Aires)\"><\/a>\n\t\t<\/figure>\n\t\t        \n\t\t<header class=\"entry-header\">\n\t\t\t<h2 class=\"entry-title\"><a href=\"https:\/\/www.grupocaht.com\/en\/2020\/05\/28\/webinar-3-de-junio-de-2020-18-hs-buenos-aires\/\" rel=\"bookmark\">Webinar: 3 de junio 2020. 18 hs. (Buenos Aires)<\/a><\/h2>\t\t<\/header><!-- .entry-header -->\n\n\t\t<div class=\"entry-categories\">\n  \n\t\t<\/div>\n        \n\t\t<div class=\"entry-summary\">\n\t\t\tCovid-19: Una mirada de la interfase inmunotromb\u00f3tica. Ver Video.\t\t<\/div><!-- .entry-content -->\n\n\t\t<div class=\"entry-readmore\">\n\t\t\t<a href=\"https:\/\/www.grupocaht.com\/en\/2020\/05\/28\/webinar-3-de-junio-de-2020-18-hs-buenos-aires\/\">Read More<\/a>\n\t\t<\/div>\n\t<\/div>\n<\/article><!-- #post-## --><\/div><\/div><\/div><\/div>","protected":false},"excerpt":{"rendered":"<p>28May 2025 by Grupo CAHT Webinario: Taller de casos cl\u00ednicos de agregaci\u00f3n plaquetaria Actividad no arancelada. Cupos limitados. Inscripciones aqu\u00ed. Read More 12Aug 2022 by Grupo CAHT Jornada de Invierno conjunta SAI\/CAHT Acceda a las charlas de cada orador clickeando sobre su nombre: Gabriela Mora &gt;&gt; Tromboinflamaci\u00f3n e inmunotrombosis. Ricardo Ra\u00fal Forastiero &gt;&gt; Factores de [&hellip;]<\/p>\n","protected":false},"author":6,"featured_media":0,"parent":0,"menu_order":0,"comment_status":"closed","ping_status":"closed","template":"","meta":{"footnotes":""},"class_list":["post-5080","page","type-page","status-publish","hentry"],"_links":{"self":[{"href":"https:\/\/www.grupocaht.com\/en\/wp-json\/wp\/v2\/pages\/5080","targetHints":{"allow":["GET"]}}],"collection":[{"href":"https:\/\/www.grupocaht.com\/en\/wp-json\/wp\/v2\/pages"}],"about":[{"href":"https:\/\/www.grupocaht.com\/en\/wp-json\/wp\/v2\/types\/page"}],"author":[{"embeddable":true,"href":"https:\/\/www.grupocaht.com\/en\/wp-json\/wp\/v2\/users\/6"}],"replies":[{"embeddable":true,"href":"https:\/\/www.grupocaht.com\/en\/wp-json\/wp\/v2\/comments?post=5080"}],"version-history":[{"count":31,"href":"https:\/\/www.grupocaht.com\/en\/wp-json\/wp\/v2\/pages\/5080\/revisions"}],"predecessor-version":[{"id":10887,"href":"https:\/\/www.grupocaht.com\/en\/wp-json\/wp\/v2\/pages\/5080\/revisions\/10887"}],"wp:attachment":[{"href":"https:\/\/www.grupocaht.com\/en\/wp-json\/wp\/v2\/media?parent=5080"}],"curies":[{"name":"wp","href":"https:\/\/api.w.org\/{rel}","templated":true}]}}