{"id":5025,"date":"2021-02-23T15:20:11","date_gmt":"2021-02-23T18:20:11","guid":{"rendered":"http:\/\/www.grupocaht.com\/?page_id=5025"},"modified":"2026-04-22T15:14:38","modified_gmt":"2026-04-22T18:14:38","slug":"grupo-de-trabajo-de-laboratorio-caht","status":"publish","type":"page","link":"https:\/\/www.grupocaht.com\/en\/grupo-de-trabajo-de-laboratorio-caht\/","title":{"rendered":"Laboratorio"},"content":{"rendered":"<p>Coordinadores: Fabiana Alberto y Luis Alberto Bastos.<\/p>\n\n\n\n<p>Ayel\u00e9n Bertoncin, Alicia Blanco, Silvia Cambiazzo, Mar\u00eda de la Paz Dom\u00ednguez , Fernanda Gonz\u00e1lez, Mar\u00eda Ang\u00e9lica Molina y Virginia Roma\u00f1ano.<\/p>\n\n\n\n<p><strong>Invitamos &nbsp;a todos los socios &nbsp;interesados a sumarse a esta propuesta enviar un mail a <a href=\"mailto:info@grupocaht.com\">info@grupocaht.com<\/a><\/strong><\/p>\n\n\n\n<p><strong>Misi\u00f3n: <\/strong>Favorecer y estimular el conocimiento de los profesionales bioqu\u00edmicos de la especialidad en Argentina, as\u00ed como de sus necesidades.<\/p>\n\n\n\n<p><strong>Objetivos:<\/strong><\/p>\n\n\n\n<ul class=\"wp-block-list\">\n<li>Canalizar las necesidades actuales del profesional bioqu\u00edmico<\/li>\n\n\n\n<li>Proponer actividades sobre temas de inter\u00e9s para el laboratorio de hemostasia<\/li>\n\n\n\n<li>Difundir: gu\u00edas, recomendaciones, actualizaciones<\/li>\n\n\n\n<li>Elaborar programas de educaci\u00f3n<\/li>\n\n\n\n<li>Participar, como grupo de trabajo, en reuniones cient\u00edficas y congresos<\/li>\n<\/ul>\n\n\n<div\n\t\t\t\n\t\t\tclass=\"so-widget-sow-accordion so-widget-sow-accordion-default-5674beebb4fa\"\n\t\t\t\n\t\t><div>\n\t<div class=\"sow-accordion\">\n\t\t\t<div class=\"sow-accordion-panel\"\n\t\t\t\tdata-anchor-id=\"novedades\">\n\t\t\t\t\t<div class=\"sow-accordion-panel-header-container\">\n\t\t\t\t\t<div class=\"sow-accordion-panel-header\" tabindex=\"0\" role=\"button\" id=\"accordion-label-novedades\" aria-controls=\"accordion-content-novedades\" aria-expanded=\"false\">\n\t\t\t\t\t\t<h1 class=\"sow-accordion-title sow-accordion-title-icon-left\">\n\t\t\t\t\t\t\t\t\t\t\t\t\t\tNovedades\t\t\t\t\t\t\t\t\t\t\t\t\t<\/h1>\n\t\t\t\t\t\t<div class=\"sow-accordion-open-close-button\">\n\t\t\t\t\t\t\t<div class=\"sow-accordion-open-button\">\n\t\t\t\t\t\t\t\t<span class=\"sow-icon-ionicons\" data-sow-icon=\"&#xf218;\"\n\t\t \n\t\taria-hidden=\"true\"><\/span>\t\t\t\t\t\t\t<\/div>\n\t\t\t\t\t\t\t<div class=\"sow-accordion-close-button\">\n\t\t\t\t\t\t\t\t<span class=\"sow-icon-ionicons\" data-sow-icon=\"&#xf209;\"\n\t\t \n\t\taria-hidden=\"true\"><\/span>\t\t\t\t\t\t\t<\/div>\n\t\t\t\t\t\t<\/div>\n\t\t\t\t\t<\/div>\n\t\t\t\t<\/div>\n\n\t\t\t<div\n\t\t\t\tclass=\"sow-accordion-panel-content\"\n\t\t\t\trole=\"region\"\n\t\t\t\taria-labelledby=\"accordion-label-novedades\"\n\t\t\t\tid=\"accordion-content-novedades\"\n\t\t\t\tstyle=\"display: none;\"\t\t\t>\n\t\t\t\t<div class=\"sow-accordion-panel-border\">\n\t\t\t\t\t<p><img loading=\"lazy\" decoding=\"async\" class=\"alignnone size-full wp-image-11114\" src=\"https:\/\/www.grupocaht.com\/wp-content\/uploads\/2025\/10\/Flyer-2o-Taller-2025-scaled.jpg\" alt=\"\" width=\"1185\" height=\"2560\" srcset=\"https:\/\/www.grupocaht.com\/wp-content\/uploads\/2025\/10\/Flyer-2o-Taller-2025-scaled.jpg 1185w, https:\/\/www.grupocaht.com\/wp-content\/uploads\/2025\/10\/Flyer-2o-Taller-2025-139x300.jpg 139w, https:\/\/www.grupocaht.com\/wp-content\/uploads\/2025\/10\/Flyer-2o-Taller-2025-474x1024.jpg 474w, https:\/\/www.grupocaht.com\/wp-content\/uploads\/2025\/10\/Flyer-2o-Taller-2025-768x1660.jpg 768w, https:\/\/www.grupocaht.com\/wp-content\/uploads\/2025\/10\/Flyer-2o-Taller-2025-711x1536.jpg 711w, https:\/\/www.grupocaht.com\/wp-content\/uploads\/2025\/10\/Flyer-2o-Taller-2025-948x2048.jpg 948w, https:\/\/www.grupocaht.com\/wp-content\/uploads\/2025\/10\/Flyer-2o-Taller-2025-6x12.jpg 6w\" sizes=\"auto, (max-width: 1185px) 100vw, 1185px\" \/><\/p>\n<p><img loading=\"lazy\" decoding=\"async\" class=\"wp-image-6168 size-full alignnone\" src=\"https:\/\/www.grupocaht.com\/wp-content\/uploads\/2021\/10\/Flyer-1o-Ateneo-Hemostasia-con-logo-1-scaled.jpg\" alt=\"\" width=\"1812\" height=\"2560\" srcset=\"https:\/\/www.grupocaht.com\/wp-content\/uploads\/2021\/10\/Flyer-1o-Ateneo-Hemostasia-con-logo-1-scaled.jpg 1812w, https:\/\/www.grupocaht.com\/wp-content\/uploads\/2021\/10\/Flyer-1o-Ateneo-Hemostasia-con-logo-1-212x300.jpg 212w, https:\/\/www.grupocaht.com\/wp-content\/uploads\/2021\/10\/Flyer-1o-Ateneo-Hemostasia-con-logo-1-725x1024.jpg 725w, https:\/\/www.grupocaht.com\/wp-content\/uploads\/2021\/10\/Flyer-1o-Ateneo-Hemostasia-con-logo-1-768x1085.jpg 768w, https:\/\/www.grupocaht.com\/wp-content\/uploads\/2021\/10\/Flyer-1o-Ateneo-Hemostasia-con-logo-1-1087x1536.jpg 1087w, https:\/\/www.grupocaht.com\/wp-content\/uploads\/2021\/10\/Flyer-1o-Ateneo-Hemostasia-con-logo-1-1450x2048.jpg 1450w, https:\/\/www.grupocaht.com\/wp-content\/uploads\/2021\/10\/Flyer-1o-Ateneo-Hemostasia-con-logo-1-8x12.jpg 8w\" sizes=\"auto, (max-width: 1812px) 100vw, 1812px\" \/><\/p>\n\t\t\t\t<\/div>\n\t\t\t<\/div>\n\t\t<\/div>\n\t\t<\/div>\n<\/div>\n<\/div>\n\n<div\n\t\t\t\n\t\t\tclass=\"so-widget-sow-accordion so-widget-sow-accordion-default-5674beebb4fa\"\n\t\t\t\n\t\t><div>\n\t<div class=\"sow-accordion\">\n\t\t\t<div class=\"sow-accordion-panel\"\n\t\t\t\tdata-anchor-id=\"informacion-de-interes\">\n\t\t\t\t\t<div class=\"sow-accordion-panel-header-container\" role=\"heading\" aria-level=\"2\">\n\t\t\t\t\t<div class=\"sow-accordion-panel-header\" tabindex=\"0\" role=\"button\" id=\"accordion-label-informaci%c3%b3n-de-inter%c3%a9s\" aria-controls=\"accordion-content-informaci%c3%b3n-de-inter%c3%a9s\" aria-expanded=\"false\">\n\t\t\t\t\t\t<div class=\"sow-accordion-title sow-accordion-title-icon-left\">\n\t\t\t\t\t\t\t\t\t\t\t\t\t\tInformaci\u00f3n de Inter\u00e9s\t\t\t\t\t\t\t\t\t\t\t\t\t<\/div>\n\t\t\t\t\t\t<div class=\"sow-accordion-open-close-button\">\n\t\t\t\t\t\t\t<div class=\"sow-accordion-open-button\">\n\t\t\t\t\t\t\t\t<span class=\"sow-icon-ionicons\" data-sow-icon=\"&#xf218;\"\n\t\t \n\t\taria-hidden=\"true\"><\/span>\t\t\t\t\t\t\t<\/div>\n\t\t\t\t\t\t\t<div class=\"sow-accordion-close-button\">\n\t\t\t\t\t\t\t\t<span class=\"sow-icon-ionicons\" data-sow-icon=\"&#xf209;\"\n\t\t \n\t\taria-hidden=\"true\"><\/span>\t\t\t\t\t\t\t<\/div>\n\t\t\t\t\t\t<\/div>\n\t\t\t\t\t<\/div>\n\t\t\t\t<\/div>\n\n\t\t\t<div\n\t\t\t\tclass=\"sow-accordion-panel-content\"\n\t\t\t\trole=\"region\"\n\t\t\t\taria-labelledby=\"accordion-label-informaci%c3%b3n-de-inter%c3%a9s\"\n\t\t\t\tid=\"accordion-content-informaci%c3%b3n-de-inter%c3%a9s\"\n\t\t\t\tstyle=\"display: none;\"\t\t\t>\n\t\t\t\t<div class=\"sow-accordion-panel-border\">\n\t\t\t\t\t<p><a href=\"https:\/\/www.grupocaht.com\/wp-content\/uploads\/2025\/11\/Minuta-Taller-VWD-GTL-051125.pdf\" target=\"_blank\" rel=\"noopener\">Minuta Taller vWD GTL 05\/11\/2025<\/a><\/p>\n\t\t\t\t<\/div>\n\t\t\t<\/div>\n\t\t<\/div>\n\t\t<\/div>\n<\/div>\n<\/div>\n\n<div\n\t\t\t\n\t\t\tclass=\"so-widget-sow-accordion so-widget-sow-accordion-default-5674beebb4fa\"\n\t\t\t\n\t\t><div>\n\t<div class=\"sow-accordion\">\n\t\t\t<div class=\"sow-accordion-panel\"\n\t\t\t\tdata-anchor-id=\"nomenclatura-internacional\">\n\t\t\t\t\t<div class=\"sow-accordion-panel-header-container\" role=\"heading\" aria-level=\"2\">\n\t\t\t\t\t<div class=\"sow-accordion-panel-header\" tabindex=\"0\" role=\"button\" id=\"accordion-label-nomenclatura-internacional\" aria-controls=\"accordion-content-nomenclatura-internacional\" aria-expanded=\"false\">\n\t\t\t\t\t\t<div class=\"sow-accordion-title sow-accordion-title-icon-left\">\n\t\t\t\t\t\t\t\t\t\t\t\t\t\tNomenclatura Internacional\t\t\t\t\t\t\t\t\t\t\t\t\t<\/div>\n\t\t\t\t\t\t<div class=\"sow-accordion-open-close-button\">\n\t\t\t\t\t\t\t<div class=\"sow-accordion-open-button\">\n\t\t\t\t\t\t\t\t<span class=\"sow-icon-ionicons\" data-sow-icon=\"&#xf218;\"\n\t\t \n\t\taria-hidden=\"true\"><\/span>\t\t\t\t\t\t\t<\/div>\n\t\t\t\t\t\t\t<div class=\"sow-accordion-close-button\">\n\t\t\t\t\t\t\t\t<span class=\"sow-icon-ionicons\" data-sow-icon=\"&#xf209;\"\n\t\t \n\t\taria-hidden=\"true\"><\/span>\t\t\t\t\t\t\t<\/div>\n\t\t\t\t\t\t<\/div>\n\t\t\t\t\t<\/div>\n\t\t\t\t<\/div>\n\n\t\t\t<div\n\t\t\t\tclass=\"sow-accordion-panel-content\"\n\t\t\t\trole=\"region\"\n\t\t\t\taria-labelledby=\"accordion-label-nomenclatura-internacional\"\n\t\t\t\tid=\"accordion-content-nomenclatura-internacional\"\n\t\t\t\tstyle=\"display: none;\"\t\t\t>\n\t\t\t\t<div class=\"sow-accordion-panel-border\">\n\t\t\t\t\t<p>NOMENCLATURA INTERNACIONAL PARA EL INFORME DE VARIACIONES DE SECUENCIA EN EL GENOMA HUMANO.<a href=\"http:\/\/www.grupocaht.com\/wp-content\/uploads\/2019\/04\/Nomenclatura-Internacional.pdf\" target=\"_blank\" rel=\"noopener\"> Ver documento<\/a><\/p>\n\t\t\t\t<\/div>\n\t\t\t<\/div>\n\t\t<\/div>\n\t\t<\/div>\n<\/div>\n<\/div>\n\n<div\n\t\t\t\n\t\t\tclass=\"so-widget-sow-accordion so-widget-sow-accordion-default-5674beebb4fa\"\n\t\t\t\n\t\t><div>\n\t<div class=\"sow-accordion\">\n\t\t\t<div class=\"sow-accordion-panel\"\n\t\t\t\tdata-anchor-id=\"encuestas\">\n\t\t\t\t\t<div class=\"sow-accordion-panel-header-container\" role=\"heading\" aria-level=\"2\">\n\t\t\t\t\t<div class=\"sow-accordion-panel-header\" tabindex=\"0\" role=\"button\" id=\"accordion-label-encuestas\" aria-controls=\"accordion-content-encuestas\" aria-expanded=\"false\">\n\t\t\t\t\t\t<div class=\"sow-accordion-title sow-accordion-title-icon-left\">\n\t\t\t\t\t\t\t\t\t\t\t\t\t\tEncuestas\t\t\t\t\t\t\t\t\t\t\t\t\t<\/div>\n\t\t\t\t\t\t<div class=\"sow-accordion-open-close-button\">\n\t\t\t\t\t\t\t<div class=\"sow-accordion-open-button\">\n\t\t\t\t\t\t\t\t<span class=\"sow-icon-ionicons\" data-sow-icon=\"&#xf218;\"\n\t\t \n\t\taria-hidden=\"true\"><\/span>\t\t\t\t\t\t\t<\/div>\n\t\t\t\t\t\t\t<div class=\"sow-accordion-close-button\">\n\t\t\t\t\t\t\t\t<span class=\"sow-icon-ionicons\" data-sow-icon=\"&#xf209;\"\n\t\t \n\t\taria-hidden=\"true\"><\/span>\t\t\t\t\t\t\t<\/div>\n\t\t\t\t\t\t<\/div>\n\t\t\t\t\t<\/div>\n\t\t\t\t<\/div>\n\n\t\t\t<div\n\t\t\t\tclass=\"sow-accordion-panel-content\"\n\t\t\t\trole=\"region\"\n\t\t\t\taria-labelledby=\"accordion-label-encuestas\"\n\t\t\t\tid=\"accordion-content-encuestas\"\n\t\t\t\tstyle=\"display: none;\"\t\t\t>\n\t\t\t\t<div class=\"sow-accordion-panel-border\">\n\t\t\t\t\t<p>Encuesta Laboratorios de Hemostasia de la Argentina &#8211; Grupo CAHT<\/p>\n<p>Nos dirigimos a Usted para informarle que la\u00a0Comisi\u00f3n Directiva del Grupo CAHT\u00a0nos ha convocado para conformar un Grupo de Trabajo de Laboratorio, encomend\u00e1ndonos la tarea de identificar dificultades, inquietudes y necesidades relacionadas con las actividades del laboratorio de Hemostasia en la Argentina, as\u00ed como discutir y consensuar acciones, con el fin de contribuir al diagn\u00f3stico correcto.<br \/>Nos contactamos en esta oportunidad, como parte de una primera etapa de nuestra tarea, para solicitar la colaboraci\u00f3n de todos aquellos que trabajan en el \u00e1mbito de la Hemostasia, a fin de completar una encuesta, totalmente an\u00f3nima, que no le llevar\u00e1 m\u00e1s de 5 minutos, cuyo objetivo es recopilar informaci\u00f3n acerca de las determinaciones vinculadas con la especialidad, que se realizan en los laboratorios de nuestro pa\u00eds.<br \/>La fecha l\u00edmite para que Ud. env\u00ede la encuesta con las respuestas es el 30 de setiembre.<br \/>Agradecemos desde ya su atenci\u00f3n y colaboraci\u00f3n.<\/p>\n<p><a href=\"https:\/\/docs.google.com\/forms\/d\/e\/1FAIpQLSf_W-yZJuevaAkFAeDmAeO2PcAKHRLkkRWhqHyRY_5w2mNCVg\/viewform?c=0&amp;w=1&amp;includes_info_params=true&amp;gxids=7628\" target=\"_blank\" rel=\"noopener\">Ver encuesta<\/a><\/p>\n\t\t\t\t<\/div>\n\t\t\t<\/div>\n\t\t<\/div>\n\t\t<\/div>\n<\/div>\n<\/div>","protected":false},"excerpt":{"rendered":"<p>Coordinadores: Fabiana Alberto y Luis Alberto Bastos. Ayel\u00e9n Bertoncin, Alicia Blanco, Silvia Cambiazzo, Mar\u00eda de la Paz Dom\u00ednguez , Fernanda Gonz\u00e1lez, Mar\u00eda Ang\u00e9lica Molina y Virginia Roma\u00f1ano. Invitamos &nbsp;a todos los socios &nbsp;interesados a sumarse a esta propuesta enviar un mail a info@grupocaht.com Misi\u00f3n: Favorecer y estimular el conocimiento de los profesionales bioqu\u00edmicos de la [&hellip;]<\/p>\n","protected":false},"author":6,"featured_media":0,"parent":0,"menu_order":0,"comment_status":"closed","ping_status":"closed","template":"","meta":{"footnotes":""},"class_list":["post-5025","page","type-page","status-publish","hentry"],"_links":{"self":[{"href":"https:\/\/www.grupocaht.com\/en\/wp-json\/wp\/v2\/pages\/5025","targetHints":{"allow":["GET"]}}],"collection":[{"href":"https:\/\/www.grupocaht.com\/en\/wp-json\/wp\/v2\/pages"}],"about":[{"href":"https:\/\/www.grupocaht.com\/en\/wp-json\/wp\/v2\/types\/page"}],"author":[{"embeddable":true,"href":"https:\/\/www.grupocaht.com\/en\/wp-json\/wp\/v2\/users\/6"}],"replies":[{"embeddable":true,"href":"https:\/\/www.grupocaht.com\/en\/wp-json\/wp\/v2\/comments?post=5025"}],"version-history":[{"count":20,"href":"https:\/\/www.grupocaht.com\/en\/wp-json\/wp\/v2\/pages\/5025\/revisions"}],"predecessor-version":[{"id":11340,"href":"https:\/\/www.grupocaht.com\/en\/wp-json\/wp\/v2\/pages\/5025\/revisions\/11340"}],"wp:attachment":[{"href":"https:\/\/www.grupocaht.com\/en\/wp-json\/wp\/v2\/media?parent=5025"}],"curies":[{"name":"wp","href":"https:\/\/api.w.org\/{rel}","templated":true}]}}