{"id":4720,"date":"2021-01-26T13:00:48","date_gmt":"2021-01-26T16:00:48","guid":{"rendered":"http:\/\/www.grupocaht.com\/?page_id=4720"},"modified":"2022-11-07T23:34:46","modified_gmt":"2022-11-08T02:34:46","slug":"por-que-asociarse","status":"publish","type":"page","link":"https:\/\/www.grupocaht.com\/en\/por-que-asociarse\/","title":{"rendered":"Por qu\u00e9 asociarse"},"content":{"rendered":"<p>El Grupo CAHT es una sociedad cient\u00edfica que agrupa a especialistas de diferentes profesiones vinculadas al estudio de la Hemostasia y Trombosis desde el a\u00f1o 1978, los invitamos a sumarse para aportar y hacer crecer a\u00fan m\u00e1s nuestra \u00e1rea de trabajo.<\/p>\n\n\n\n<p>Al asociarse, Usted podr\u00e1 gozar de los siguientes beneficios exclusivos:<\/p>\n\n\n\n<ul class=\"wp-block-list\"><li>Costo preferencial en nuestros cursos de capacitaci\u00f3n y actualizaci\u00f3n.<\/li><li>Costo preferencial en la inscripci\u00f3n del Congreso CAHT y Educacional del ISTH, que se realiza cada dos a\u00f1os y re\u00fane a todos sus asociados en un intercambio de conocimiento que aborda temas de Hemostasia y Trombosis en un evento interdisciplinario de inter\u00e9s cient\u00edfico y social.<\/li><li>Posibilidad de aplicar al programa de financiamiento <strong>CAHTalizar<\/strong> que otorga fondos para el desarrollo de proyectos de investigaci\u00f3n b\u00e1sica o cl\u00ednica.<\/li><li>Acceso exclusivo on-line a los libros publicados por los grupos de trabajo del CAHT.<\/li><li>Entrega gratuita y preferencial de las Gu\u00edas del CAHT en formato papel.<\/li><li>Suscripci\u00f3n de mail gratuita con env\u00edo, peri\u00f3dico y exclusivo para socios, de informaci\u00f3n de inter\u00e9s, tal como: pr\u00f3ximos eventos, reuniones cient\u00edficas, congresos, cursos y art\u00edculos relevantes, entre otros.<\/li><li>Exclusividad para acceder a una base de datos con nombre, e-mail y lugar de trabajo de los profesionales asociados al CAHT.<\/li><li>Formar parte de los diversos grupos de trabajo de especialidades en el \u00e1rea del CAHT.<\/li><li>Biblioteca con servicio gratuito y asistido por profesional a cargo de b\u00fasqueda de material bibliogr\u00e1fico.<\/li><li>Atenci\u00f3n permanente y comunicaci\u00f3n con los socios a trav\u00e9s de la Secretar\u00eda del CAHT.<\/li><\/ul>","protected":false},"excerpt":{"rendered":"<p>El Grupo CAHT es una sociedad cient\u00edfica que agrupa a especialistas de diferentes profesiones vinculadas al estudio de la Hemostasia y Trombosis desde el a\u00f1o 1978, los invitamos a sumarse para aportar y hacer crecer a\u00fan m\u00e1s nuestra \u00e1rea de trabajo. Al asociarse, Usted podr\u00e1 gozar de los siguientes beneficios exclusivos: Costo preferencial en nuestros [&hellip;]<\/p>\n","protected":false},"author":6,"featured_media":0,"parent":0,"menu_order":0,"comment_status":"closed","ping_status":"closed","template":"","meta":{"footnotes":""},"class_list":["post-4720","page","type-page","status-publish","hentry"],"_links":{"self":[{"href":"https:\/\/www.grupocaht.com\/en\/wp-json\/wp\/v2\/pages\/4720","targetHints":{"allow":["GET"]}}],"collection":[{"href":"https:\/\/www.grupocaht.com\/en\/wp-json\/wp\/v2\/pages"}],"about":[{"href":"https:\/\/www.grupocaht.com\/en\/wp-json\/wp\/v2\/types\/page"}],"author":[{"embeddable":true,"href":"https:\/\/www.grupocaht.com\/en\/wp-json\/wp\/v2\/users\/6"}],"replies":[{"embeddable":true,"href":"https:\/\/www.grupocaht.com\/en\/wp-json\/wp\/v2\/comments?post=4720"}],"version-history":[{"count":10,"href":"https:\/\/www.grupocaht.com\/en\/wp-json\/wp\/v2\/pages\/4720\/revisions"}],"predecessor-version":[{"id":8747,"href":"https:\/\/www.grupocaht.com\/en\/wp-json\/wp\/v2\/pages\/4720\/revisions\/8747"}],"wp:attachment":[{"href":"https:\/\/www.grupocaht.com\/en\/wp-json\/wp\/v2\/media?parent=4720"}],"curies":[{"name":"wp","href":"https:\/\/api.w.org\/{rel}","templated":true}]}}