{"id":4381,"date":"2020-11-27T14:05:11","date_gmt":"2020-11-27T17:05:11","guid":{"rendered":"http:\/\/www.grupocaht.com\/?page_id=4381"},"modified":"2021-02-23T11:24:50","modified_gmt":"2021-02-23T14:24:50","slug":"guia-de-laboratorio-para-el-estudio-de-anticuerpos-antifosfolipidos-apl-en-fase-solida-edicion-2020","status":"publish","type":"page","link":"https:\/\/www.grupocaht.com\/en\/guia-de-laboratorio-para-el-estudio-de-anticuerpos-antifosfolipidos-apl-en-fase-solida-edicion-2020\/","title":{"rendered":"Gu\u00eda de Laboratorio para el Estudio de  Anticuerpos Antifosfol\u00edpidos (aPL) en Fase S\u00f3lida. Edici\u00f3n 2020."},"content":{"rendered":"<div class=\"_df_book df-container df-loading\" id=\"df_4379\"  wpoptions=\"true\" ><\/div><script data-cfasync=\"false\">var option_df_4379 = {\"webgl\":\"false\",\"outline\":[],\"forceFit\":\"true\",\"autoEnableOutline\":\"false\",\"autoEnableThumbnail\":\"false\",\"overwritePDFOutline\":\"false\",\"direction\":\"1\",\"pageMode\":\"0\",\"source\":\"http:\\\/\\\/www.grupocaht.com\\\/wp-content\\\/uploads\\\/2020\\\/11\\\/Guia-aPL-completo-final.pdf\",\"wpOptions\":\"true\"}; if(window.DFLIP && DFLIP.parseBooks){DFLIP.parseBooks();}<\/script>","protected":false},"excerpt":{"rendered":"","protected":false},"author":6,"featured_media":0,"parent":0,"menu_order":0,"comment_status":"closed","ping_status":"closed","template":"","meta":{"footnotes":""},"class_list":["post-4381","page","type-page","status-publish","hentry"],"_links":{"self":[{"href":"https:\/\/www.grupocaht.com\/en\/wp-json\/wp\/v2\/pages\/4381","targetHints":{"allow":["GET"]}}],"collection":[{"href":"https:\/\/www.grupocaht.com\/en\/wp-json\/wp\/v2\/pages"}],"about":[{"href":"https:\/\/www.grupocaht.com\/en\/wp-json\/wp\/v2\/types\/page"}],"author":[{"embeddable":true,"href":"https:\/\/www.grupocaht.com\/en\/wp-json\/wp\/v2\/users\/6"}],"replies":[{"embeddable":true,"href":"https:\/\/www.grupocaht.com\/en\/wp-json\/wp\/v2\/comments?post=4381"}],"version-history":[{"count":2,"href":"https:\/\/www.grupocaht.com\/en\/wp-json\/wp\/v2\/pages\/4381\/revisions"}],"predecessor-version":[{"id":4987,"href":"https:\/\/www.grupocaht.com\/en\/wp-json\/wp\/v2\/pages\/4381\/revisions\/4987"}],"wp:attachment":[{"href":"https:\/\/www.grupocaht.com\/en\/wp-json\/wp\/v2\/media?parent=4381"}],"curies":[{"name":"wp","href":"https:\/\/api.w.org\/{rel}","templated":true}]}}