{"id":3794,"date":"2020-09-16T14:38:25","date_gmt":"2020-09-16T17:38:25","guid":{"rendered":"http:\/\/www.grupocaht.com\/?page_id=3794"},"modified":"2021-11-12T09:34:58","modified_gmt":"2021-11-12T12:34:58","slug":"highlights-del-congreso-de-las-isth-2020","status":"publish","type":"page","link":"https:\/\/www.grupocaht.com\/en\/highlights-del-congreso-de-las-isth-2020\/","title":{"rendered":"Highlights ISTH"},"content":{"rendered":"<div id=\"pl-gb3794-69eb8cb30ea06\"  class=\"panel-layout\" ><div id=\"pg-gb3794-69eb8cb30ea06-0\"  class=\"panel-grid panel-no-style\" ><div id=\"pgc-gb3794-69eb8cb30ea06-0-0\"  class=\"panel-grid-cell\" ><div id=\"panel-gb3794-69eb8cb30ea06-0-0-0\" class=\"so-panel widget widget_sow-editor panel-first-child panel-last-child\" data-index=\"0\" ><div\n\t\t\t\n\t\t\tclass=\"so-widget-sow-editor so-widget-sow-editor-base\"\n\t\t\t\n\t\t><h3 class=\"widget-title\">Highlights del Congreso ISTH 2021<\/h3>\n<div class=\"siteorigin-widget-tinymce textwidget\">\n\t<p><img loading=\"lazy\" decoding=\"async\" class=\"alignnone wp-image-6364 size-full\" src=\"https:\/\/www.grupocaht.com\/wp-content\/uploads\/2021\/11\/Highlight-2021-1-scaled.jpg\" alt=\"\" width=\"1249\" height=\"2560\" srcset=\"https:\/\/www.grupocaht.com\/wp-content\/uploads\/2021\/11\/Highlight-2021-1-scaled.jpg 1249w, https:\/\/www.grupocaht.com\/wp-content\/uploads\/2021\/11\/Highlight-2021-1-146x300.jpg 146w, https:\/\/www.grupocaht.com\/wp-content\/uploads\/2021\/11\/Highlight-2021-1-499x1024.jpg 499w, https:\/\/www.grupocaht.com\/wp-content\/uploads\/2021\/11\/Highlight-2021-1-768x1575.jpg 768w, https:\/\/www.grupocaht.com\/wp-content\/uploads\/2021\/11\/Highlight-2021-1-749x1536.jpg 749w, https:\/\/www.grupocaht.com\/wp-content\/uploads\/2021\/11\/Highlight-2021-1-999x2048.jpg 999w, https:\/\/www.grupocaht.com\/wp-content\/uploads\/2021\/11\/Highlight-2021-1-6x12.jpg 6w\" sizes=\"auto, (max-width: 1249px) 100vw, 1249px\" \/><\/p>\n<p>Se encuentra abierta la inscripci\u00f3n para los\u00a0<strong>Highlights del Congreso ISTH 2021<\/strong>, que llevaremos a cabo de manera virtual los d\u00edas\u00a0<strong>12 y 13 de Noviembre<\/strong>.<\/p>\n<p>Este a\u00f1o tambi\u00e9n lo hemos organizado en conjunto con ISTH y SOMETH, pero con una propuesta tem\u00e1tica m\u00e1s amplia que en su versi\u00f3n 2020, cada d\u00eda tendremos 5 sesiones.<\/p>\n<p>Otra novedad es que la participaci\u00f3n no ser\u00e1 gratuita, sino que tendr\u00e1 un valor preferencial de <strong>inscripci\u00f3n temprana de USD 25<\/strong> (hasta el 12\/10) y de <strong>inscripci\u00f3n tard\u00eda de USD 40<\/strong> para socias\/os del CAHT con cuota al d\u00eda.<\/p>\n<p>Para poder facilitar la asistencia de todos las\/os interesadas\/os en esta destacada jornada cient\u00edfica<strong>, realizaremos un reintegro de $2.000 a las\/os socias\/os con cuota al d\u00eda que se inscriban.<\/strong><\/p>\n<p><strong><span style=\"color: #008080;\"><a style=\"color: #008080;\" href=\"https:\/\/pheedloop.com\/HighlightsofISTH2021LA\/site\/\" target=\"_blank\" rel=\"noopener\">Acceda aqu\u00ed a la web del evento<\/a><\/span><\/strong><\/p>\n<\/div>\n<\/div><\/div><\/div><\/div><\/div>\n\n\n<!--nextpage-->\n\n\n<div id=\"pl-gb3794-69eb8cb310350\"  class=\"panel-layout\" ><div id=\"pg-gb3794-69eb8cb310350-0\"  class=\"panel-grid panel-no-style\" ><div id=\"pgc-gb3794-69eb8cb310350-0-0\"  class=\"panel-grid-cell\" ><div id=\"panel-gb3794-69eb8cb310350-0-0-0\" class=\"so-panel widget widget_sow-editor panel-first-child panel-last-child\" data-index=\"0\" ><div\n\t\t\t\n\t\t\tclass=\"so-widget-sow-editor so-widget-sow-editor-base\"\n\t\t\t\n\t\t><h3 class=\"widget-title\">Highlights del Congreso ISTH 2020<\/h3>\n<div class=\"siteorigin-widget-tinymce textwidget\">\n\t<p><img loading=\"lazy\" decoding=\"async\" class=\"size-full wp-image-4322 alignnone\" src=\"https:\/\/www.grupocaht.com\/wp-content\/uploads\/2020\/11\/highlights-para-web-CAHT-scaled.jpg\" alt=\"\" width=\"1761\" height=\"2560\" srcset=\"https:\/\/www.grupocaht.com\/wp-content\/uploads\/2020\/11\/highlights-para-web-CAHT-scaled.jpg 1761w, https:\/\/www.grupocaht.com\/wp-content\/uploads\/2020\/11\/highlights-para-web-CAHT-206x300.jpg 206w, https:\/\/www.grupocaht.com\/wp-content\/uploads\/2020\/11\/highlights-para-web-CAHT-704x1024.jpg 704w, https:\/\/www.grupocaht.com\/wp-content\/uploads\/2020\/11\/highlights-para-web-CAHT-768x1116.jpg 768w, https:\/\/www.grupocaht.com\/wp-content\/uploads\/2020\/11\/highlights-para-web-CAHT-1057x1536.jpg 1057w, https:\/\/www.grupocaht.com\/wp-content\/uploads\/2020\/11\/highlights-para-web-CAHT-1409x2048.jpg 1409w, https:\/\/www.grupocaht.com\/wp-content\/uploads\/2020\/11\/highlights-para-web-CAHT-8x12.jpg 8w\" sizes=\"auto, (max-width: 1761px) 100vw, 1761px\" \/><\/p>\n<p><a href=\"https:\/\/academy.isth.org\/isth\/#!*menu=6*browseby=3*sortby=2*ce_id=1868\" target=\"_blank\" rel=\"noreferrer noopener\" data-rich-text-format-boundary=\"true\">Ya se encuentran disponibles ambas sesiones.\u00a0Ver Videos<\/a><\/p>\n<\/div>\n<\/div><\/div><\/div><\/div><\/div>\n\n\n<hr class=\"wp-block-separator\"\/>\n\n\n\n<p><\/p>","protected":false},"excerpt":{"rendered":"<p>Se encuentra abierta la inscripci\u00f3n para los\u00a0Highlights del Congreso ISTH 2021, que llevaremos a cabo de manera virtual los d\u00edas\u00a012 y 13 de Noviembre. Este a\u00f1o tambi\u00e9n lo hemos organizado en conjunto con ISTH y SOMETH, pero con una propuesta tem\u00e1tica m\u00e1s amplia que en su versi\u00f3n 2020, cada d\u00eda tendremos 5 sesiones. Otra novedad [&hellip;]<\/p>\n","protected":false},"author":6,"featured_media":0,"parent":0,"menu_order":0,"comment_status":"closed","ping_status":"closed","template":"","meta":{"footnotes":""},"class_list":["post-3794","page","type-page","status-publish","hentry"],"_links":{"self":[{"href":"https:\/\/www.grupocaht.com\/en\/wp-json\/wp\/v2\/pages\/3794","targetHints":{"allow":["GET"]}}],"collection":[{"href":"https:\/\/www.grupocaht.com\/en\/wp-json\/wp\/v2\/pages"}],"about":[{"href":"https:\/\/www.grupocaht.com\/en\/wp-json\/wp\/v2\/types\/page"}],"author":[{"embeddable":true,"href":"https:\/\/www.grupocaht.com\/en\/wp-json\/wp\/v2\/users\/6"}],"replies":[{"embeddable":true,"href":"https:\/\/www.grupocaht.com\/en\/wp-json\/wp\/v2\/comments?post=3794"}],"version-history":[{"count":17,"href":"https:\/\/www.grupocaht.com\/en\/wp-json\/wp\/v2\/pages\/3794\/revisions"}],"predecessor-version":[{"id":6365,"href":"https:\/\/www.grupocaht.com\/en\/wp-json\/wp\/v2\/pages\/3794\/revisions\/6365"}],"wp:attachment":[{"href":"https:\/\/www.grupocaht.com\/en\/wp-json\/wp\/v2\/media?parent=3794"}],"curies":[{"name":"wp","href":"https:\/\/api.w.org\/{rel}","templated":true}]}}