{"id":3640,"date":"2020-09-07T16:40:02","date_gmt":"2020-09-07T19:40:02","guid":{"rendered":"http:\/\/www.grupocaht.com\/?page_id=3640"},"modified":"2022-04-12T17:35:53","modified_gmt":"2022-04-12T20:35:53","slug":"hemostasia-y-trombosis-en-cardiologia-2","status":"publish","type":"page","link":"https:\/\/www.grupocaht.com\/en\/hemostasia-y-trombosis-en-cardiologia-2\/","title":{"rendered":"Hemostasia y Trombosis en Cardiolog\u00eda"},"content":{"rendered":"<div id=\"pl-3640\"  class=\"panel-layout\" ><div id=\"pg-3640-0\"  class=\"panel-grid panel-no-style\" ><div id=\"pgc-3640-0-0\"  class=\"panel-grid-cell\" ><div id=\"panel-3640-0-0-0\" class=\"so-panel widget widget_sow-editor panel-first-child\" data-index=\"0\" ><div\n\t\t\t\n\t\t\tclass=\"so-widget-sow-editor so-widget-sow-editor-base\"\n\t\t\t\n\t\t>\n<div class=\"siteorigin-widget-tinymce textwidget\">\n\t<p>Coordinadoras:\u00a0 Dras. Mar\u00eda Esther Aris Cancela y Alejandra Marti<\/p>\n<p>Dres. Daniel Absi, Luis Enzo Beligoy, Ignacio Bluro, Jos\u00e9 Mar\u00eda Bonorino, Ver\u00f3nica Cort\u00e9s Guerrieri, Carla Giumelli, Marta Martinuzzo, Ver\u00f3nica Privitera, Santiago Torroba, David Ver\u00f3n y Susana Vi\u00f1uales.<\/p>\n<p><strong>Invitamos a todos los socios interesados a sumarse a esta propuesta enviando un mail a:\u00a0<a href=\"mailto:info@grupocaht.com\">info@grupocaht.com<\/a><\/strong><\/p>\n<div id=\"block-1510dabe-4374-4e62-890c-f062ee0fa7ac\" class=\"wp-block block-editor-block-list__block has-selected-ui is-selected\" tabindex=\"0\" role=\"group\" data-block=\"1510dabe-4374-4e62-890c-f062ee0fa7ac\" data-type=\"sowb\/widget-block\" aria-label=\"Bloque: SiteOrigin Widget\">\n<div class=\"so-widget-preview-container\">\n<div>\n<div class=\"so-widget-sow-editor so-widget-sow-editor-base\">\n<div class=\"siteorigin-widget-tinymce textwidget\">\n<p>Objetivos:<\/p>\n<ul>\n<li>Discutir y actualizar temas relacionados con la Hemostasia y Trombosis en Cardiolog\u00eda. El objetivo es tratar temas de dificil acuerdo y temas de \u201ctodos los d\u00edas\u201d que ayuden en la practica diaria a tomar decisiones.<\/li>\n<li>Publicar consensos, principalmente a traves de la p\u00e1gina web.<\/li>\n<li>Afianzar el vinculo intersocietario con diferentes sociedades cientificas afines.<\/li>\n<li>Favorecer la lectura de bibliograf\u00eda relacionada con el tema.<\/li>\n<li>Participar en la elaboraci\u00f3n de las reuniones cient\u00edficas y simposio de cardiolog\u00eda en el Congreso del CAHT.<\/li>\n<\/ul>\n<\/div>\n<\/div>\n<\/div>\n<\/div>\n<\/div>\n<\/div>\n<\/div><\/div><div id=\"panel-3640-0-0-1\" class=\"so-panel widget widget_sow-accordion panel-last-child\" data-index=\"1\" ><div\n\t\t\t\n\t\t\tclass=\"so-widget-sow-accordion so-widget-sow-accordion-default-99be652ed941-3640\"\n\t\t\t\n\t\t><div>\n\t<div class=\"sow-accordion\">\n\t\t\t<div class=\"sow-accordion-panel\"\n\t\t\t\tdata-anchor-id=\"novedades\">\n\t\t\t\t\t<div class=\"sow-accordion-panel-header-container\" role=\"heading\" aria-level=\"2\">\n\t\t\t\t\t<div class=\"sow-accordion-panel-header\" tabindex=\"0\" role=\"button\" id=\"accordion-label-novedades\" aria-controls=\"accordion-content-novedades\" aria-expanded=\"false\">\n\t\t\t\t\t\t<div class=\"sow-accordion-title sow-accordion-title-icon-left\">\n\t\t\t\t\t\t\t\t\t\t\t\t\t\tNovedades\t\t\t\t\t\t\t\t\t\t\t\t\t<\/div>\n\t\t\t\t\t\t<div class=\"sow-accordion-open-close-button\">\n\t\t\t\t\t\t\t<div class=\"sow-accordion-open-button\">\n\t\t\t\t\t\t\t\t<span class=\"sow-icon-ionicons\" data-sow-icon=\"&#xf218;\"\n\t\t \n\t\taria-hidden=\"true\"><\/span>\t\t\t\t\t\t\t<\/div>\n\t\t\t\t\t\t\t<div class=\"sow-accordion-close-button\">\n\t\t\t\t\t\t\t\t<span class=\"sow-icon-ionicons\" data-sow-icon=\"&#xf209;\"\n\t\t \n\t\taria-hidden=\"true\"><\/span>\t\t\t\t\t\t\t<\/div>\n\t\t\t\t\t\t<\/div>\n\t\t\t\t\t<\/div>\n\t\t\t\t<\/div>\n\n\t\t\t<div\n\t\t\t\tclass=\"sow-accordion-panel-content\"\n\t\t\t\trole=\"region\"\n\t\t\t\taria-labelledby=\"accordion-label-novedades\"\n\t\t\t\tid=\"accordion-content-novedades\"\n\t\t\t\tstyle=\"display: none;\"\t\t\t>\n\t\t\t\t<div class=\"sow-accordion-panel-border\">\n\t\t\t\t\t\t\t\t\t<\/div>\n\t\t\t<\/div>\n\t\t<\/div>\n\t\t\t<div class=\"sow-accordion-panel\"\n\t\t\t\tdata-anchor-id=\"informacion-de-interes\">\n\t\t\t\t\t<div class=\"sow-accordion-panel-header-container\" role=\"heading\" aria-level=\"2\">\n\t\t\t\t\t<div class=\"sow-accordion-panel-header\" tabindex=\"0\" role=\"button\" id=\"accordion-label-informaci%c3%b3n-de-inter%c3%a9s\" aria-controls=\"accordion-content-informaci%c3%b3n-de-inter%c3%a9s\" aria-expanded=\"false\">\n\t\t\t\t\t\t<div class=\"sow-accordion-title sow-accordion-title-icon-left\">\n\t\t\t\t\t\t\t\t\t\t\t\t\t\tInformaci\u00f3n de Inter\u00e9s\t\t\t\t\t\t\t\t\t\t\t\t\t<\/div>\n\t\t\t\t\t\t<div class=\"sow-accordion-open-close-button\">\n\t\t\t\t\t\t\t<div class=\"sow-accordion-open-button\">\n\t\t\t\t\t\t\t\t<span class=\"sow-icon-ionicons\" data-sow-icon=\"&#xf218;\"\n\t\t \n\t\taria-hidden=\"true\"><\/span>\t\t\t\t\t\t\t<\/div>\n\t\t\t\t\t\t\t<div class=\"sow-accordion-close-button\">\n\t\t\t\t\t\t\t\t<span class=\"sow-icon-ionicons\" data-sow-icon=\"&#xf209;\"\n\t\t \n\t\taria-hidden=\"true\"><\/span>\t\t\t\t\t\t\t<\/div>\n\t\t\t\t\t\t<\/div>\n\t\t\t\t\t<\/div>\n\t\t\t\t<\/div>\n\n\t\t\t<div\n\t\t\t\tclass=\"sow-accordion-panel-content\"\n\t\t\t\trole=\"region\"\n\t\t\t\taria-labelledby=\"accordion-label-informaci%c3%b3n-de-inter%c3%a9s\"\n\t\t\t\tid=\"accordion-content-informaci%c3%b3n-de-inter%c3%a9s\"\n\t\t\t\tstyle=\"display: none;\"\t\t\t>\n\t\t\t\t<div class=\"sow-accordion-panel-border\">\n\t\t\t\t\t<p>Heparina no fraccionada: \u00a8La vuelta a los \u00b480\u00a8. <a href=\"http:\/\/www.grupocaht.com\/wp-content\/uploads\/2021\/03\/Heparina-no-fraccionada.pdf\" target=\"_blank\" rel=\"noopener\">Ver documento<\/a><\/p>\n<p>Res\u00famenes de las charlas sobre cardiopat\u00eda estructural, de la 2da. Reuni\u00f3n Cient\u00edfica del Grupo CAHT del a\u00f1o 2020. <a href=\"http:\/\/www.grupocaht.com\/en\/resumenes-cardiopatia-estructural\/\" target=\"_blank\" rel=\"noopener\">Ver Documentos<\/a><\/p>\n<p>&nbsp;<\/p>\n\t\t\t\t<\/div>\n\t\t\t<\/div>\n\t\t<\/div>\n\t\t<\/div>\n<\/div>\n<\/div><\/div><\/div><\/div><\/div>","protected":false},"excerpt":{"rendered":"<p>Coordinadoras:\u00a0 Dras. Mar\u00eda Esther Aris Cancela y Alejandra Marti Dres. Daniel Absi, Luis Enzo Beligoy, Ignacio Bluro, Jos\u00e9 Mar\u00eda Bonorino, Ver\u00f3nica Cort\u00e9s Guerrieri, Carla Giumelli, Marta Martinuzzo, Ver\u00f3nica Privitera, Santiago Torroba, David Ver\u00f3n y Susana Vi\u00f1uales. Invitamos a todos los socios interesados a sumarse a esta propuesta enviando un mail a:\u00a0info@grupocaht.com Objetivos: Discutir y actualizar [&hellip;]<\/p>\n","protected":false},"author":6,"featured_media":0,"parent":0,"menu_order":0,"comment_status":"closed","ping_status":"closed","template":"","meta":{"footnotes":""},"class_list":["post-3640","page","type-page","status-publish","hentry"],"_links":{"self":[{"href":"https:\/\/www.grupocaht.com\/en\/wp-json\/wp\/v2\/pages\/3640","targetHints":{"allow":["GET"]}}],"collection":[{"href":"https:\/\/www.grupocaht.com\/en\/wp-json\/wp\/v2\/pages"}],"about":[{"href":"https:\/\/www.grupocaht.com\/en\/wp-json\/wp\/v2\/types\/page"}],"author":[{"embeddable":true,"href":"https:\/\/www.grupocaht.com\/en\/wp-json\/wp\/v2\/users\/6"}],"replies":[{"embeddable":true,"href":"https:\/\/www.grupocaht.com\/en\/wp-json\/wp\/v2\/comments?post=3640"}],"version-history":[{"count":68,"href":"https:\/\/www.grupocaht.com\/en\/wp-json\/wp\/v2\/pages\/3640\/revisions"}],"predecessor-version":[{"id":7391,"href":"https:\/\/www.grupocaht.com\/en\/wp-json\/wp\/v2\/pages\/3640\/revisions\/7391"}],"wp:attachment":[{"href":"https:\/\/www.grupocaht.com\/en\/wp-json\/wp\/v2\/media?parent=3640"}],"curies":[{"name":"wp","href":"https:\/\/api.w.org\/{rel}","templated":true}]}}