{"id":273,"date":"2017-10-26T08:02:32","date_gmt":"2017-10-26T14:02:32","guid":{"rendered":"http:\/\/www.grupocaht.com\/nuevaweb\/?page_id=273"},"modified":"2023-01-31T00:12:11","modified_gmt":"2023-01-31T03:12:11","slug":"biblioteca","status":"publish","type":"page","link":"https:\/\/www.grupocaht.com\/en\/biblioteca\/","title":{"rendered":"Biblioteca"},"content":{"rendered":"\n<p>Los socios activos del Grupo CAHT disponen de acceso libre y gratuito a la Biblioteca para la solicitud tanto de b\u00fasquedas bibliogr\u00e1ficas como art\u00edculos completos.<\/p>\n\n\n\n<h2 class=\"wp-block-heading\"><strong>\u00bfC\u00f3mo realizar la b\u00fasqueda?&nbsp;<\/strong><\/h2>\n\n\n\n<h3 class=\"wp-block-heading\">Qu\u00e9 opciones de b\u00fasqueda me permite realizar.<\/h3>\n\n\n\n<p>Como la producci\u00f3n intelectual es infinita, Pubmed permite refinar las b\u00fasquedas para que el resultado de las mismas sea lo m\u00e1s espec\u00edfico posible.<br>Se pueden realizar b\u00fasquedas simples o combinadas y limitar las mismas por autor\/es, revista\/s, fecha de publicaci\u00f3n, idioma\/s, sexo (F\/M o ambos), edad, tipo de art\u00edculos (review, carta, etc.), palabra en el t\u00edtulo, links full text o gratuitos, etc.<\/p>\n\n\n\n<h3 class=\"wp-block-heading\">A tener en cuenta<\/h3>\n\n\n\n<p>Las b\u00fasquedas siempre deben hacerse en ingl\u00e9s, no importa en qu\u00e9 idioma el usuario busque el art\u00edculo.<br>Cuando no se utiliza ning\u00fan l\u00edmite de idioma, Pubmed muestra la cita cuyo art\u00edculo no est\u00e1 escrito en ingl\u00e9s entre [ ] y al lado de los datos de publicaci\u00f3n se agrega el idioma del trabajo<\/p>\n\n\n\n<p><strong>Ejemplo:<em> Campillo-Soto A, Flores-Pastor B, Candel-Arenas M, Soria-Aledo V, Gimenez- [Utility of frozen section in the surgical treatment of thyroid nodules] Cir Esp. 2006 Mar;79(3):176-9. Spanish.<\/em><\/strong><\/p>\n\n\n\n<h2 class=\"wp-block-heading\"><strong>\u00bfC\u00f3mo solicitar los art\u00edculos?<\/strong><\/h2>\n\n\n\n<h3 class=\"wp-block-heading\">Opci\u00f3n A: Solicitud de art\u00edculos completos (.pdf)<\/h3>\n\n\n\n<p><strong>1)<\/strong>\u00a0En PubMed, seleccionar las citas con un clic en el casillero libre que est\u00e1 al lado del n\u00famero del trabajo.<br><strong>2)<\/strong>\u00a0Ir a la opci\u00f3n display.<br><strong>3)<\/strong>\u00a0Guardar la b\u00fasqueda con un nombre en un archivo word.<br><strong>4)<\/strong>\u00a0Enviar un mail a\u00a0<a class=\"vermas\" rel=\"noopener\" href=\"mailto:biblioteca@grupocaht.com\" target=\"_blank\">biblioteca@grupocaht.com<\/a>\u00a0solicitando los art\u00edculos, adjuntando el archivo word correspondiente.<br><strong>5)<\/strong>\u00a0En el plazo m\u00e1s breve posible, recibir\u00e1 los art\u00edculos en su direcci\u00f3n de correo electr\u00f3nico.<\/p>\n\n\n\n<p>O copiar o escribir en el cuerpo del mail los siguientes datos:<br><strong>Autor, t\u00edtulo, Revista, A\u00f1o, Volumen, N\u00ba y pp.<\/strong><\/p>\n\n\n\n<h3 class=\"wp-block-heading\">Opci\u00f3n B: Solicitud de b\u00fasqueda bibliogr\u00e1fica<\/h3>\n\n\n\n<p>Enviar un mail a&nbsp;<a class=\"vermas\" href=\"mailto:biblioteca@grupocaht.com\" target=\"_blank\" rel=\"noopener\">biblioteca@grupocaht.com<\/a>&nbsp;solicitando la b\u00fasqueda, detallando las palabras claves o temas de b\u00fasqueda.<\/p>\n\n\n\n<p>Aclarar en el pedido si quiere recibir los abstracts de los art\u00edculos para seleccionar los que sean de mayor inter\u00e9s, o directamente los full text.<\/p>\n\n\n\n<p>En el plazo m\u00e1s breve posible, recibir\u00e1 los resultados de la b\u00fasqueda en su direcci\u00f3n de correo electr\u00f3nico.<\/p>\n","protected":false},"excerpt":{"rendered":"<p>Los socios activos del Grupo CAHT disponen de acceso libre y gratuito a la Biblioteca para la solicitud tanto de b\u00fasquedas bibliogr\u00e1ficas como art\u00edculos completos. \u00bfC\u00f3mo realizar la b\u00fasqueda?&nbsp; Qu\u00e9 opciones de b\u00fasqueda me permite realizar. Como la producci\u00f3n intelectual es infinita, Pubmed permite refinar las b\u00fasquedas para que el resultado de las mismas sea [&hellip;]<\/p>\n","protected":false},"author":1,"featured_media":0,"parent":0,"menu_order":0,"comment_status":"closed","ping_status":"closed","template":"","meta":{"footnotes":""},"class_list":["post-273","page","type-page","status-publish","hentry"],"_links":{"self":[{"href":"https:\/\/www.grupocaht.com\/en\/wp-json\/wp\/v2\/pages\/273","targetHints":{"allow":["GET"]}}],"collection":[{"href":"https:\/\/www.grupocaht.com\/en\/wp-json\/wp\/v2\/pages"}],"about":[{"href":"https:\/\/www.grupocaht.com\/en\/wp-json\/wp\/v2\/types\/page"}],"author":[{"embeddable":true,"href":"https:\/\/www.grupocaht.com\/en\/wp-json\/wp\/v2\/users\/1"}],"replies":[{"embeddable":true,"href":"https:\/\/www.grupocaht.com\/en\/wp-json\/wp\/v2\/comments?post=273"}],"version-history":[{"count":16,"href":"https:\/\/www.grupocaht.com\/en\/wp-json\/wp\/v2\/pages\/273\/revisions"}],"predecessor-version":[{"id":9000,"href":"https:\/\/www.grupocaht.com\/en\/wp-json\/wp\/v2\/pages\/273\/revisions\/9000"}],"wp:attachment":[{"href":"https:\/\/www.grupocaht.com\/en\/wp-json\/wp\/v2\/media?parent=273"}],"curies":[{"name":"wp","href":"https:\/\/api.w.org\/{rel}","templated":true}]}}