{"id":263,"date":"2017-10-19T15:25:16","date_gmt":"2017-10-19T21:25:16","guid":{"rendered":"http:\/\/www.grupocaht.com\/nuevaweb\/?page_id=263"},"modified":"2026-04-01T11:17:15","modified_gmt":"2026-04-01T14:17:15","slug":"links-de-interes","status":"publish","type":"page","link":"https:\/\/www.grupocaht.com\/en\/links-de-interes\/","title":{"rendered":"Links de inter\u00e9s"},"content":{"rendered":"<h2 class=\"wp-block-heading\">Revistas<\/h2>\n\n\n\n<h5 class=\"wp-block-heading r\"><a href=\"http:\/\/atvb.ahajournals.org\/\" target=\"_blank\" rel=\"noopener\">Arteriosclerosis, Thrombosis, and Vascular Biology<\/a><\/h5>\n\n\n\n<h5 class=\"wp-block-heading\"><a href=\"http:\/\/journals.lww.com\/bloodcoagulation\/pages\/default.aspx\" target=\"_blank\" rel=\"noopener\">Blood Coagulation &amp; Fibrinolysis<\/a><\/h5>\n\n\n\n<h5 class=\"wp-block-heading\"><a href=\"http:\/\/www.freemedicaljournals.com\/\" target=\"_blank\" rel=\"noopener\">Free Medical Journals<\/a><\/h5>\n\n\n\n<h5 class=\"wp-block-heading\"><a href=\"http:\/\/www.haematologica.org\/\" target=\"_blank\" rel=\"noopener\">Haematologica<\/a><\/h5>\n\n\n\n<h5 class=\"wp-block-heading\"><a href=\"http:\/\/www.bloodjournal.org\/\" target=\"_blank\" rel=\"noopener\">Journal of the American Society of Hematology<\/a><\/h5>\n\n\n\n<h5 class=\"wp-block-heading\"><a href=\"http:\/\/onlinelibrary.wiley.com\/journal\/10.1111\/(ISSN)1538-7836\" target=\"_blank\" rel=\"noopener\">Journal of Thrombosis and Haemostasis<\/a><\/h5>\n\n\n\n<h5 class=\"wp-block-heading\"><a href=\"http:\/\/www.medicinabuenosaires.com\/\" target=\"_blank\" rel=\"noopener\">Medicina Buenos Aires<\/a><\/h5>\n\n\n\n<h5 class=\"wp-block-heading\"><a href=\"http:\/\/www.nejm.org\/\" target=\"_blank\" rel=\"noopener\">New England Journal of Medicine<\/a><\/h5>\n\n\n\n<h5 class=\"wp-block-heading\"><a href=\"http:\/\/www.karger.com\/Journal\/Home\/224034\" target=\"_blank\" rel=\"noopener\">Pathophysiology of Haemostasis and Thrombosis<\/a><\/h5>\n\n\n\n<h5 class=\"wp-block-heading etiqueta\"><a href=\"https:\/\/revistahematologia.com.ar\/index.php\/Revista\" data-type=\"link\" data-id=\"https:\/\/revistahematologia.com.ar\/index.php\/Revista\" target=\"_blank\" rel=\"noreferrer noopener\">Revista Argentina de Hematolog\u00eda<\/a><\/h5>\n\n\n\n<h5 class=\"wp-block-heading\"><a href=\"https:\/\/www.jthjournal.org\/\" target=\"_blank\" rel=\"noreferrer noopener\">Thrombosis and Haemostasis<\/a><\/h5>\n\n\n\n<h5 class=\"wp-block-heading\"><a href=\"http:\/\/www.thrombosisjournal.com\/\" target=\"_blank\" rel=\"noopener\">Thrombosis Journal<\/a><\/h5>\n\n\n\n<h5 class=\"wp-block-heading\"><a href=\"http:\/\/www.journals.elsevier.com\/thrombosis-research\" target=\"_blank\" rel=\"noopener\">Thrombosis Research<\/a><\/h5>\n\n\n\n<hr class=\"wp-block-separator has-css-opacity\"\/>\n\n\n\n<h2 class=\"wp-block-heading\">Sociedades cient\u00edficas<\/h2>\n\n\n\n<h5 class=\"wp-block-heading\"><a href=\"http:\/\/www.fac.org.ar\/\" target=\"_blank\" rel=\"noopener\">Federaci\u00f3n Argentina de Cardiolog\u00eda<\/a><\/h5>\n\n\n\n<h5 class=\"wp-block-heading\"><a href=\"http:\/\/www.faba.org.ar\/\" target=\"_blank\" rel=\"noopener\">Federaci\u00f3n Bioqu\u00edmica Argentina<\/a><\/h5>\n\n\n\n<h5 class=\"wp-block-heading\"><a href=\"https:\/\/www.grupoclaht.org\/\" target=\"_blank\" rel=\"noreferrer noopener\">Grupo CLAHT<\/a><\/h5>\n\n\n\n<h5 class=\"wp-block-heading\"><a href=\"http:\/\/www.isth.org\/\" target=\"_blank\" rel=\"noopener\">ISTH &#8211; International Society on Thrombosis and Haemostasis<\/a><\/h5>\n\n\n\n<h5 class=\"wp-block-heading\"><a href=\"http:\/\/www.sac.org.ar\/\" target=\"_blank\" rel=\"noopener\">Sociedad Argentina de Cardiolog\u00eda<\/a><\/h5>\n\n\n\n<h5 class=\"wp-block-heading\"><a href=\"http:\/\/www.sah.org.ar\/\" target=\"_blank\" rel=\"noopener\">Sociedad Argentina de Hematolog\u00eda<\/a><\/h5>\n\n\n\n<h5 class=\"wp-block-heading\"><a href=\"http:\/\/www.sap.org.ar\/\" target=\"_blank\" rel=\"noopener\">Sociedad Argentina de Pediatr\u00eda<\/a><\/h5>\n\n\n\n<h5 class=\"wp-block-heading\"><a rel=\"noopener\" href=\"http:\/\/www.seth.es\/\" target=\"_blank\">Sociedad Espa\u00f1ola de Trombosis y Hemostasia<\/a><\/h5>\n\n\n\n<h5 class=\"wp-block-heading\"><a href=\"https:\/\/www.someth.org.mx\">Sociedad Mexicana de Trombosis y Hemostasia <\/a><\/h5>\n\n\n\n<h5 class=\"wp-block-heading\"><a rel=\"noreferrer noopener\" href=\"http:\/\/www.medleague-thrombosis.org\/mltd\/\" target=\"_blank\">The mediterranean league against thromboembolic diseases<\/a><\/h5>\n\n\n\n<p><\/p>\n\n\n\n<hr class=\"wp-block-separator has-css-opacity\"\/>\n\n\n\n<h2 class=\"wp-block-heading\">D\u00eda mundial de la trombosis<\/h2>\n\n\n\n<h5 class=\"wp-block-heading\"><a href=\"http:\/\/www.worldthrombosisday.org\/\" target=\"_blank\" rel=\"noopener\">WTD<\/a><\/h5>\n\n\n\n<hr class=\"wp-block-separator has-css-opacity\"\/>\n\n\n\n<h2 class=\"wp-block-heading\">Bibliotecas en salud<\/h2>\n\n\n\n<h5 class=\"wp-block-heading\"><a href=\"https:\/\/www.paho.org\/es\/biblioteca-digital\" target=\"_blank\" rel=\"noreferrer noopener\">Biblioteca OPS<\/a><\/h5>\n\n\n\n<h5 class=\"wp-block-heading\"><a href=\"https:\/\/argentina.bvsalud.org\/\" target=\"_blank\" rel=\"noreferrer noopener\">Biblioteca Virtual en Salud (BVS)<\/a><\/h5>\n\n\n\n<h5 class=\"wp-block-heading\"><a href=\"https:\/\/academy.isth.org\/\" target=\"_blank\" rel=\"noopener\">ISTH ACADEMY<\/a><\/h5>\n\n\n\n<h5 class=\"wp-block-heading\"><a href=\"http:\/\/www.latindex.org\/latindex\/inicio\" target=\"_blank\" rel=\"noopener\">Latindex<\/a><\/h5>\n\n\n\n<h5 class=\"wp-block-heading\"><a href=\"http:\/\/www.medscape.com\/px\/urlinfo\" target=\"_blank\" rel=\"noopener\">MEDSCAPE<\/a><\/h5>\n\n\n\n<h5 class=\"wp-block-heading\"><a href=\"http:\/\/www.ncbi.nlm.nih.gov\/pubmed\/\" target=\"_blank\" rel=\"noopener\">PubMed<\/a><\/h5>\n\n\n\n<h5 class=\"wp-block-heading\"><a href=\"http:\/\/www.scielo.org.ar\/scielo.php\" target=\"_blank\" rel=\"noopener\">Scientific Electronic Library Online (SciELO)<\/a><\/h5>\n\n\n\n<h2 class=\"wp-block-heading\"><\/h2>","protected":false},"excerpt":{"rendered":"<p>Aqu\u00ed hay que poner un peque\u00f1o extracto de lo que hay en esta secci\u00f3n. Es conveniente poner una presentaci\u00f3n corta, como todo este texto.<\/p>","protected":false},"author":1,"featured_media":0,"parent":0,"menu_order":0,"comment_status":"closed","ping_status":"closed","template":"","meta":{"footnotes":""},"class_list":["post-263","page","type-page","status-publish","hentry"],"_links":{"self":[{"href":"https:\/\/www.grupocaht.com\/en\/wp-json\/wp\/v2\/pages\/263","targetHints":{"allow":["GET"]}}],"collection":[{"href":"https:\/\/www.grupocaht.com\/en\/wp-json\/wp\/v2\/pages"}],"about":[{"href":"https:\/\/www.grupocaht.com\/en\/wp-json\/wp\/v2\/types\/page"}],"author":[{"embeddable":true,"href":"https:\/\/www.grupocaht.com\/en\/wp-json\/wp\/v2\/users\/1"}],"replies":[{"embeddable":true,"href":"https:\/\/www.grupocaht.com\/en\/wp-json\/wp\/v2\/comments?post=263"}],"version-history":[{"count":20,"href":"https:\/\/www.grupocaht.com\/en\/wp-json\/wp\/v2\/pages\/263\/revisions"}],"predecessor-version":[{"id":11322,"href":"https:\/\/www.grupocaht.com\/en\/wp-json\/wp\/v2\/pages\/263\/revisions\/11322"}],"wp:attachment":[{"href":"https:\/\/www.grupocaht.com\/en\/wp-json\/wp\/v2\/media?parent=263"}],"curies":[{"name":"wp","href":"https:\/\/api.w.org\/{rel}","templated":true}]}}