{"id":2312,"date":"2020-02-20T13:27:11","date_gmt":"2020-02-20T16:27:11","guid":{"rendered":"http:\/\/www.grupocaht.com\/?page_id=2312"},"modified":"2021-02-23T11:30:34","modified_gmt":"2021-02-23T14:30:34","slug":"2013-guia-de-tratamiento-antitrombotico-en-fibrilacion-auricular","status":"publish","type":"page","link":"https:\/\/www.grupocaht.com\/en\/2013-guia-de-tratamiento-antitrombotico-en-fibrilacion-auricular\/","title":{"rendered":"Gu\u00eda de Tratamiento Antitromb\u00f3tico en Fibrilaci\u00f3n Auricular. Edici\u00f3n 2013."},"content":{"rendered":"<div class=\"_df_book df-container df-loading \" id=\"df_2309\"  wpoptions=\"true\" ><\/div><script data-cfasync=\"false\">var option_df_2309 = {\"webgl\":\"false\",\"outline\":[{\"title\":\"Introducci\\u00f3n.\",\"dest\":\"3\"},{\"title\":\"\\u00cdndice\",\"dest\":\"7\"},{\"title\":\"Bases Fisiopatol\\u00f3gicas de Tromboembolia en Fibrilaci\\u00f3n Auricular.\",\"dest\":\"8\"},{\"title\":\"Riesgo de Embolia en los Distintos Tipos de Fibrilaci\\u00f3n Auricular.\",\"dest\":\"11\"},{\"title\":\"Evaluaci\\u00f3n del Paciente Derivado para Inicio de Tratamiento Antitromb\\u00f3tico.\",\"dest\":\"13\"},{\"title\":\"Agentes Antiplaquetarios\",\"dest\":\"18\"},{\"title\":\"Anticoagulantes Anti-Vitamina K: Warfarina y Acenocumarol.\",\"dest\":\"22\"},{\"title\":\"Inhibidores Directos de Trombina: Dabigatran.\",\"dest\":\"25\"},{\"title\":\"Inhibidores Directos del Factor X: Rivaroxaban.\",\"dest\":\"30\"},{\"title\":\"Inhibidores Directos del Factor X : Apixaban.\",\"dest\":\"33\"},{\"title\":\"El Laboratorio en el Control de las Drogas Antitronb\\u00f3ticas.\",\"dest\":\"35\"},{\"title\":\"Manejo de la Hemorragia en el Paciente Anticoagulado.\",\"dest\":\"43\"},{\"title\":\"Manejo del ACV Intra-Tratamiento Antitromb\\u00f3tico.\",\"dest\":\"46\"},{\"title\":\"Manejo de Situaciones Especiales: Cirug\\u00edas y Procedimientos Invasivos.\",\"dest\":\"50\"},{\"title\":\"Anticoagulaci\\u00f3n en Cardioversi\\u00f3n y Ablaci\\u00f3n.\",\"dest\":\"56\"},{\"title\":\"M\\u00e9todos de Estudio en el Paciente con Fibrilaci\\u00f3n Auricular y Sospecha de Ataque Cerebrovascular.\",\"dest\":\"58\"},{\"title\":\"Evaluaci\\u00f3n F\\u00e1rmaco-Econ\\u00f3mica de los Anticoagulantes.\",\"dest\":\"67\"},{\"title\":\"Addendum.\",\"dest\":\"71\"},{\"title\":\"Glosario.\",\"dest\":\"77\"},{\"title\":\"Bibliograf\\u00eda.\",\"dest\":\"79\"}],\"forceFit\":\"true\",\"autoEnableOutline\":\"false\",\"autoEnableThumbnail\":\"false\",\"overwritePDFOutline\":\"false\",\"direction\":\"1\",\"pageMode\":\"0\",\"source\":\"http:\\\/\\\/www.grupocaht.com\\\/wp-content\\\/uploads\\\/2020\\\/02\\\/2013-Guia-Fibrilacion-Auricular-WEB.pdf\",\"wpOptions\":\"true\"}; if(window.DFLIP && DFLIP.parseBooks){DFLIP.parseBooks();}<\/script>\n","protected":false},"excerpt":{"rendered":"","protected":false},"author":6,"featured_media":0,"parent":0,"menu_order":0,"comment_status":"closed","ping_status":"closed","template":"","meta":{"footnotes":""},"class_list":["post-2312","page","type-page","status-publish","hentry"],"_links":{"self":[{"href":"https:\/\/www.grupocaht.com\/en\/wp-json\/wp\/v2\/pages\/2312","targetHints":{"allow":["GET"]}}],"collection":[{"href":"https:\/\/www.grupocaht.com\/en\/wp-json\/wp\/v2\/pages"}],"about":[{"href":"https:\/\/www.grupocaht.com\/en\/wp-json\/wp\/v2\/types\/page"}],"author":[{"embeddable":true,"href":"https:\/\/www.grupocaht.com\/en\/wp-json\/wp\/v2\/users\/6"}],"replies":[{"embeddable":true,"href":"https:\/\/www.grupocaht.com\/en\/wp-json\/wp\/v2\/comments?post=2312"}],"version-history":[{"count":4,"href":"https:\/\/www.grupocaht.com\/en\/wp-json\/wp\/v2\/pages\/2312\/revisions"}],"predecessor-version":[{"id":4989,"href":"https:\/\/www.grupocaht.com\/en\/wp-json\/wp\/v2\/pages\/2312\/revisions\/4989"}],"wp:attachment":[{"href":"https:\/\/www.grupocaht.com\/en\/wp-json\/wp\/v2\/media?parent=2312"}],"curies":[{"name":"wp","href":"https:\/\/api.w.org\/{rel}","templated":true}]}}